{"id":13,"date":"2023-12-20T13:00:07","date_gmt":"2023-12-20T12:00:07","guid":{"rendered":"https:\/\/word.mondoit.de\/?page_id=13"},"modified":"2024-07-22T12:10:05","modified_gmt":"2024-07-22T10:10:05","slug":"startseite","status":"publish","type":"page","link":"https:\/\/word-automation.com\/en\/","title":{"rendered":"Home Page"},"content":{"rendered":"<div data-elementor-type=\"wp-page\" data-elementor-id=\"13\" class=\"elementor elementor-13\" data-elementor-settings=\"{&quot;ha_cmc_init_switcher&quot;:&quot;no&quot;}\">\n\t\t\t\t\t\t<section class=\"elementor-section elementor-top-section elementor-element elementor-element-14d87ab elementor-section-boxed elementor-section-height-default elementor-section-height-default\" data-id=\"14d87ab\" data-element_type=\"section\" data-settings=\"{&quot;background_background&quot;:&quot;classic&quot;,&quot;_ha_eqh_enable&quot;:false}\">\n\t\t\t\t\t\t\t<div class=\"elementor-background-overlay\"><\/div>\n\t\t\t\t\t\t\t<div class=\"elementor-container elementor-column-gap-default\">\n\t\t\t\t\t<div class=\"elementor-column elementor-col-100 elementor-top-column elementor-element elementor-element-090bed3 elementor-invisible\" data-id=\"090bed3\" data-element_type=\"column\" data-settings=\"{&quot;animation&quot;:&quot;fadeIn&quot;}\">\n\t\t\t<div class=\"elementor-widget-wrap elementor-element-populated\">\n\t\t\t\t\t\t<div class=\"elementor-element elementor-element-bbfadc4 elementor-widget__width-auto ha-has-bg-overlay elementor-widget elementor-widget-text-editor\" data-id=\"bbfadc4\" data-element_type=\"widget\" data-widget_type=\"text-editor.default\">\n\t\t\t\t<div class=\"elementor-widget-container\">\n\t\t\t\t\t\t\t\t\t<p>Your partner for development, commissioning and consulting services\n- Word Automation.<\/p>\t\t\t\t\t\t\t\t<\/div>\n\t\t\t\t<\/div>\n\t\t\t\t<div class=\"elementor-element elementor-element-14d7680 elementor-widget elementor-widget-heading\" data-id=\"14d7680\" data-element_type=\"widget\" data-widget_type=\"heading.default\">\n\t\t\t\t<div class=\"elementor-widget-container\">\n\t\t\t\t\t<h1 class=\"elementor-heading-title elementor-size-default\">AUTOMATION FOR SPECIAL MACHINES AND INDUSTRIAL PLANTS<\/h1>\t\t\t\t<\/div>\n\t\t\t\t<\/div>\n\t\t\t\t<div class=\"elementor-element elementor-element-5ff315e elementor-widget elementor-widget-text-editor\" data-id=\"5ff315e\" data-element_type=\"widget\" data-widget_type=\"text-editor.default\">\n\t\t\t\t<div class=\"elementor-widget-container\">\n\t\t\t\t\t\t\t\t\t<p dir=\"auto\"><span data-font=\"font-montserrat\">Word Automation is a software company specialising in the development <\/span><span data-font=\"font-montserrat\">and consulting for various industrial sectors.\nsectors. For efficient production <\/span><span data-font=\"font-montserrat\">and high quality we do everything.<\/span><\/p>\t\t\t\t\t\t\t\t<\/div>\n\t\t\t\t<\/div>\n\t\t\t\t<div class=\"elementor-element elementor-element-ea72bf8 elementor-align-left elementor-widget__width-initial elementor-mobile-align-justify elementor-widget-mobile__width-inherit elementor-widget elementor-widget-button\" data-id=\"ea72bf8\" data-element_type=\"widget\" data-settings=\"{&quot;_animation&quot;:&quot;none&quot;}\" data-widget_type=\"button.default\">\n\t\t\t\t<div class=\"elementor-widget-container\">\n\t\t\t\t\t\t\t\t\t<div class=\"elementor-button-wrapper\">\n\t\t\t\t\t<a class=\"elementor-button elementor-button-link elementor-size-md elementor-animation-grow\" href=\"\/en\/leistungen\/\">\n\t\t\t\t\t\t<span class=\"elementor-button-content-wrapper\">\n\t\t\t\t\t\t\t\t\t<span class=\"elementor-button-text\">OUR SERVICES<\/span>\n\t\t\t\t\t<\/span>\n\t\t\t\t\t<\/a>\n\t\t\t\t<\/div>\n\t\t\t\t\t\t\t\t<\/div>\n\t\t\t\t<\/div>\n\t\t\t\t<div class=\"elementor-element elementor-element-c0ebc1b elementor-align-center elementor-widget__width-initial elementor-mobile-align-justify elementor-widget-mobile__width-inherit elementor-widget elementor-widget-button\" data-id=\"c0ebc1b\" data-element_type=\"widget\" data-widget_type=\"button.default\">\n\t\t\t\t<div class=\"elementor-widget-container\">\n\t\t\t\t\t\t\t\t\t<div class=\"elementor-button-wrapper\">\n\t\t\t\t\t<a class=\"elementor-button elementor-button-link elementor-size-md elementor-animation-grow\" href=\"\/en\/kontakt\/\">\n\t\t\t\t\t\t<span class=\"elementor-button-content-wrapper\">\n\t\t\t\t\t\t\t\t\t<span class=\"elementor-button-text\">CONTACT US<\/span>\n\t\t\t\t\t<\/span>\n\t\t\t\t\t<\/a>\n\t\t\t\t<\/div>\n\t\t\t\t\t\t\t\t<\/div>\n\t\t\t\t<\/div>\n\t\t\t\t\t<\/div>\n\t\t<\/div>\n\t\t\t\t\t<\/div>\n\t\t<\/section>\n\t\t\t\t<section class=\"elementor-section elementor-top-section elementor-element elementor-element-854716a elementor-section-boxed elementor-section-height-default elementor-section-height-default\" data-id=\"854716a\" data-element_type=\"section\" data-settings=\"{&quot;background_background&quot;:&quot;classic&quot;,&quot;_ha_eqh_enable&quot;:false}\">\n\t\t\t\t\t\t\t<div class=\"elementor-background-overlay\"><\/div>\n\t\t\t\t\t\t\t<div class=\"elementor-container elementor-column-gap-default\">\n\t\t\t\t\t<div class=\"elementor-column elementor-col-100 elementor-top-column elementor-element elementor-element-be590a8\" data-id=\"be590a8\" data-element_type=\"column\">\n\t\t\t<div class=\"elementor-widget-wrap elementor-element-populated\">\n\t\t\t\t\t\t<div class=\"elementor-element elementor-element-b568ea9 elementor-widget elementor-widget-elementskit-heading\" data-id=\"b568ea9\" data-element_type=\"widget\" data-widget_type=\"elementskit-heading.default\">\n\t\t\t\t<div class=\"elementor-widget-container\">\n\t\t\t\t\t<div class=\"ekit-wid-con\" ><div class=\"ekit-heading elementskit-section-title-wraper text_left   ekit_heading_tablet-   ekit_heading_mobile-\"><h2 class=\"ekit-heading--title elementskit-section-title\">What are you looking <span><span>for?<\/span><\/span><\/h2><\/div><\/div>\t\t\t\t<\/div>\n\t\t\t\t<\/div>\n\t\t\t\t<div class=\"elementor-element elementor-element-2e47219 elementor-widget elementor-widget-text-editor\" data-id=\"2e47219\" data-element_type=\"widget\" data-widget_type=\"text-editor.default\">\n\t\t\t\t<div class=\"elementor-widget-container\">\n\t\t\t\t\t\t\t\t\t<p>We offer you a wide range of opportunities for your interests in the world of automation. We offer you fast and efficient solutions for all areas of automation that we have listed in our menu.<\/p>\t\t\t\t\t\t\t\t<\/div>\n\t\t\t\t<\/div>\n\t\t\t\t\t<\/div>\n\t\t<\/div>\n\t\t\t\t\t<\/div>\n\t\t<\/section>\n\t\t\t\t<section class=\"elementor-section elementor-top-section elementor-element elementor-element-f49c814 elementor-section-boxed elementor-section-height-default elementor-section-height-default\" data-id=\"f49c814\" data-element_type=\"section\" data-settings=\"{&quot;_ha_eqh_enable&quot;:false}\">\n\t\t\t\t\t\t<div class=\"elementor-container elementor-column-gap-default\">\n\t\t\t\t\t<div class=\"elementor-column elementor-col-100 elementor-top-column elementor-element elementor-element-47c295b\" data-id=\"47c295b\" data-element_type=\"column\">\n\t\t\t<div class=\"elementor-widget-wrap elementor-element-populated\">\n\t\t\t\t\t\t<div class=\"elementor-element elementor-element-9c0bf05 elementor-widget elementor-widget-shortcode\" data-id=\"9c0bf05\" data-element_type=\"widget\" data-widget_type=\"shortcode.default\">\n\t\t\t\t<div class=\"elementor-widget-container\">\n\t\t\t\t\t\t\t<div class=\"elementor-shortcode\">    <div class=\"swiper mySwiper\">\n        <div class=\"swiper-wrapper\">\n            <div class=\"swiper-slide\">\n                <a href=\"\/en\/sps-programmierung\/\">\n\t\t\t\t\t<div class=\"image\">\n\t\t\t\t\t\t<img decoding=\"async\" src=\"\/wp-content\/uploads\/2024\/01\/sps-leistungen.png\">\n\t\t\t\t\t<\/div>\n                    <span class=\"title\">PLC programming<\/span>\n                <\/a>\n            <\/div>\n            <div class=\"swiper-slide\">\n                <a href=\"\/en\/roboter-programmierung\/\">\n\t\t\t\t\t<div class=\"image\">\n\t\t\t\t\t\t<img decoding=\"async\" src=\"\/wp-content\/uploads\/2024\/01\/roboter-leistungen.png\">\n\t\t\t\t\t<\/div>\n                    <span class=\"title\">Robot programming<\/span>\n                <\/a>\n            <\/div>\n            <div class=\"swiper-slide\">\n                <a href=\"\/en\/vision-engineering\/\">\n\t\t\t\t\t<div class=\"image\">\n\t\t\t\t\t\t<img decoding=\"async\" src=\"\/wp-content\/uploads\/2024\/01\/vision-leistungen.png\">\n\t\t\t\t\t<\/div>\n                    <span class=\"title\">Vision Engineering<\/span>\n                <\/a>\n            <\/div>\n            <div class=\"swiper-slide\">\n                <a href=\"\/en\/database-management\/\">\n\t\t\t\t\t<div class=\"image\">\n\t\t\t\t\t\t<img decoding=\"async\" src=\"\/wp-content\/uploads\/2024\/01\/data-leistungen.png\">\n\t\t\t\t\t<\/div>\n                    <span class=\"title\">Database Management<\/span>\n                <\/a>\n            <\/div>\n            <div class=\"swiper-slide\">\n                <a href=\"\/en\/sps-programmierung\/#softwareetwicklung\">\n\t\t\t\t\t<div class=\"image\">\n\t\t\t\t\t\t<img decoding=\"async\" src=\"\/wp-content\/uploads\/2024\/01\/Softwareentwicklung-HEADER.png\">\n\t\t\t\t\t<\/div>\n                    <span class=\"title\">Software development<\/span>\n                <\/a>\n            <\/div>\n            <div class=\"swiper-slide\">\n                <a href=\"\/en\/sps-programmierung\/#visualisierung\">\n\t\t\t\t\t<div class=\"image\">\n\t\t\t\t\t\t<img decoding=\"async\" src=\"\/wp-content\/uploads\/2024\/01\/Visualisierung_HEADER.png\">\n\t\t\t\t\t<\/div>\n                    <span class=\"title\">Visualisation<\/span>\n                <\/a>\n            <\/div>\n\t\t\t<div class=\"swiper-slide\">\n                <a href=\"\/en\/sps-programmierung\/#projektkoordination\">\n\t\t\t\t\t<div class=\"image\">\n\t\t\t\t\t\t<img decoding=\"async\" src=\"\/wp-content\/uploads\/2024\/03\/ProjektManager.png\">\n\t\t\t\t\t<\/div>\n                    <span class=\"title\">Project Coordination<\/span>\n                <\/a>\n            <\/div>\n\t\t\t<div class=\"swiper-slide\">\n                <a href=\"\/en\/sps-programmierung\/#inbetriebnahme\">\n\t\t\t\t\t<div class=\"image\">\n\t\t\t\t\t\t<img decoding=\"async\" src=\"\/wp-content\/uploads\/2024\/01\/Inbetriebnahme-HEADER.png\">\n\t\t\t\t\t<\/div>\n                    <span class=\"title\">Commissioning<\/span>\n                <\/a>\n            <\/div>\n\t\t\t<div class=\"swiper-slide\">\n                <a href=\"\/en\/roboter-programmierung\/#roboterprogrammierung\">\n\t\t\t\t\t<div class=\"image\">\n\t\t\t\t\t\t <img decoding=\"async\" src=\"\/wp-content\/uploads\/2024\/01\/KUKA-HEADER.png\">\n\t\t\t\t\t<\/div>\n                    <span class=\"title\">Robot programming KUKA<\/span>\n                <\/a>\n            <\/div>\n\t\t\t<div class=\"swiper-slide\">\n                <a href=\"\/en\/roboter-programmierung\/#roboterprogrammierung\">\n\t\t\t\t\t<div class=\"image\">\n\t\t\t\t\t\t<img decoding=\"async\" src=\"\/wp-content\/uploads\/2024\/01\/ABB-header.png\">\n\t\t\t\t\t<\/div>\n                    <span class=\"title\">Robot programming ABB<\/span>\n                <\/a>\n            <\/div>\n\t\t\t<div class=\"swiper-slide\">\n                <a href=\"\/en\/vision-engineering\/#visionsensoren\">\n\t\t\t\t\t<div class=\"image\">\n\t\t\t\t\t\t<img decoding=\"async\" src=\"\/wp-content\/uploads\/2024\/03\/VisionSensoren3.png\">\n\t\t\t\t\t<\/div>\n                    <span class=\"title\">Vision sensors<\/span>\n                <\/a>\n            <\/div>\n\t\t\t<div class=\"swiper-slide\">\n                <a href=\"\/en\/vision-engineering\/#smartvision2d\">\n\t\t\t\t\t<div class=\"image\">\n\t\t\t\t\t\t<img decoding=\"async\" src=\"\/wp-content\/uploads\/2024\/03\/product_family_banner1.png\">\n\t\t\t\t\t<\/div>\n                    <span class=\"title\">Smart Vision 2D<\/span>\n                <\/a>\n            <\/div>\n\t\t\t<div class=\"swiper-slide\">\n                <a href=\"\/en\/vision-engineering\/#industriekameras\">\n\t\t\t\t\t<div class=\"image\">\n\t\t\t\t\t\t<img decoding=\"async\" src=\"\/wp-content\/uploads\/2024\/01\/Industriekameras.png\">\n\t\t\t\t\t<\/div>\n                    <span class=\"title\">Industrial cameras<\/span>\n                <\/a>\n            <\/div>\n\t\t\t<div class=\"swiper-slide\">\n                <a href=\"\/en\/database-management\/#opcua\">\n\t\t\t\t\t<div class=\"image\">\n\t\t\t\t\t\t<img decoding=\"async\" src=\"\/wp-content\/uploads\/2024\/01\/OPC_UA.jpg\">\n\t\t\t\t\t<\/div>\n                    <span class=\"title\">OPC UA<\/span>\n                <\/a>\n            <\/div>\n\t\t\t<div class=\"swiper-slide\">\n                <a href=\"\/en\/database-management\/#s7\">\n\t\t\t\t\t<div class=\"image\">\n\t\t\t\t\t\t<img decoding=\"async\" src=\"\/wp-content\/uploads\/2024\/01\/S7-Machinendaten.png\">\n\t\t\t\t\t<\/div>\n                    <span class=\"title\">S7 machine data<\/span>\n                <\/a>\n            <\/div>\n        <\/div>\n        <div class=\"swiper-pagination\"><\/div>\n    <\/div>\n    <div class=\"swiper-button-next\"><\/div>\n    <div class=\"swiper-button-prev\"><\/div>\n    <\/div>\n\t\t\t\t\t\t<\/div>\n\t\t\t\t<\/div>\n\t\t\t\t\t<\/div>\n\t\t<\/div>\n\t\t\t\t\t<\/div>\n\t\t<\/section>\n\t\t\t\t<section class=\"elementor-section elementor-top-section elementor-element elementor-element-3720b66 elementor-section-boxed elementor-section-height-default elementor-section-height-default\" data-id=\"3720b66\" data-element_type=\"section\" data-settings=\"{&quot;animation&quot;:&quot;none&quot;,&quot;_ha_eqh_enable&quot;:false}\">\n\t\t\t\t\t\t<div class=\"elementor-container elementor-column-gap-default\">\n\t\t\t\t\t<div class=\"elementor-column elementor-col-25 elementor-top-column elementor-element elementor-element-bc83373\" data-id=\"bc83373\" data-element_type=\"column\">\n\t\t\t<div class=\"elementor-widget-wrap\">\n\t\t\t\t\t\t\t<\/div>\n\t\t<\/div>\n\t\t\t\t<div class=\"elementor-column elementor-col-25 elementor-top-column elementor-element elementor-element-6055656\" data-id=\"6055656\" data-element_type=\"column\">\n\t\t\t<div class=\"elementor-widget-wrap\">\n\t\t\t\t\t\t\t<\/div>\n\t\t<\/div>\n\t\t\t\t<div class=\"elementor-column elementor-col-25 elementor-top-column elementor-element elementor-element-6299790\" data-id=\"6299790\" data-element_type=\"column\">\n\t\t\t<div class=\"elementor-widget-wrap elementor-element-populated\">\n\t\t\t\t\t\t<div class=\"elementor-element elementor-element-5652dc3 elementor-widget elementor-widget-image\" data-id=\"5652dc3\" data-element_type=\"widget\" data-widget_type=\"image.default\">\n\t\t\t\t<div class=\"elementor-widget-container\">\n\t\t\t\t\t\t\t\t\t\t\t\t\t\t\t<img fetchpriority=\"high\" decoding=\"async\" width=\"617\" height=\"347\" src=\"https:\/\/word-automation.com\/wp-content\/uploads\/2024\/03\/Da-verndert-Siemen-Log-mi-de-neue-Markenclai-148050-detailnp.jpeg\" class=\"attachment-full size-full wp-image-921\" alt=\"\" srcset=\"https:\/\/word-automation.com\/wp-content\/uploads\/2024\/03\/Da-verndert-Siemen-Log-mi-de-neue-Markenclai-148050-detailnp.jpeg 617w, https:\/\/word-automation.com\/wp-content\/uploads\/2024\/03\/Da-verndert-Siemen-Log-mi-de-neue-Markenclai-148050-detailnp-300x169.jpeg 300w, https:\/\/word-automation.com\/wp-content\/uploads\/2024\/03\/Da-verndert-Siemen-Log-mi-de-neue-Markenclai-148050-detailnp-18x10.jpeg 18w\" sizes=\"(max-width: 617px) 100vw, 617px\" \/>\t\t\t\t\t\t\t\t\t\t\t\t\t\t\t<\/div>\n\t\t\t\t<\/div>\n\t\t\t\t\t<\/div>\n\t\t<\/div>\n\t\t\t\t<div class=\"elementor-column elementor-col-25 elementor-top-column elementor-element elementor-element-380571d\" data-id=\"380571d\" data-element_type=\"column\">\n\t\t\t<div class=\"elementor-widget-wrap elementor-element-populated\">\n\t\t\t\t\t\t<div class=\"elementor-element elementor-element-fb475a3 elementor-widget elementor-widget-image\" data-id=\"fb475a3\" data-element_type=\"widget\" data-widget_type=\"image.default\">\n\t\t\t\t<div class=\"elementor-widget-container\">\n\t\t\t\t\t\t\t\t\t\t\t\t\t\t\t<img decoding=\"async\" width=\"291\" height=\"291\" src=\"https:\/\/word-automation.com\/wp-content\/uploads\/2024\/03\/csm_tuev_ac61e8d081.png\" class=\"attachment-full size-full wp-image-920\" alt=\"\" srcset=\"https:\/\/word-automation.com\/wp-content\/uploads\/2024\/03\/csm_tuev_ac61e8d081.png 291w, https:\/\/word-automation.com\/wp-content\/uploads\/2024\/03\/csm_tuev_ac61e8d081-150x150.png 150w, https:\/\/word-automation.com\/wp-content\/uploads\/2024\/03\/csm_tuev_ac61e8d081-12x12.png 12w\" sizes=\"(max-width: 291px) 100vw, 291px\" \/>\t\t\t\t\t\t\t\t\t\t\t\t\t\t\t<\/div>\n\t\t\t\t<\/div>\n\t\t\t\t\t<\/div>\n\t\t<\/div>\n\t\t\t\t\t<\/div>\n\t\t<\/section>\n\t\t\t\t<section class=\"elementor-section elementor-top-section elementor-element elementor-element-3500b57 elementor-section-boxed elementor-section-height-default elementor-section-height-default\" data-id=\"3500b57\" data-element_type=\"section\" data-settings=\"{&quot;background_background&quot;:&quot;classic&quot;,&quot;animation&quot;:&quot;none&quot;,&quot;_ha_eqh_enable&quot;:false}\">\n\t\t\t\t\t\t\t<div class=\"elementor-background-overlay\"><\/div>\n\t\t\t\t\t\t\t<div class=\"elementor-container elementor-column-gap-default\">\n\t\t\t\t\t<div class=\"elementor-column elementor-col-100 elementor-top-column elementor-element elementor-element-ba5b3c8\" data-id=\"ba5b3c8\" data-element_type=\"column\">\n\t\t\t<div class=\"elementor-widget-wrap elementor-element-populated\">\n\t\t\t\t\t\t<div class=\"elementor-element elementor-element-b680e92 elementor-widget elementor-widget-text-editor\" data-id=\"b680e92\" data-element_type=\"widget\" data-widget_type=\"text-editor.default\">\n\t\t\t\t<div class=\"elementor-widget-container\">\n\t\t\t\t\t\t\t\t\t<p>No matter what stage your project is at, we are at your side and support you with all our knowledge in the realisation of your project realisation of your project.<\/p>\t\t\t\t\t\t\t\t<\/div>\n\t\t\t\t<\/div>\n\t\t\t\t<div class=\"elementor-element elementor-element-ac11c12 elementor-widget elementor-widget-button\" data-id=\"ac11c12\" data-element_type=\"widget\" data-widget_type=\"button.default\">\n\t\t\t\t<div class=\"elementor-widget-container\">\n\t\t\t\t\t\t\t\t\t<div class=\"elementor-button-wrapper\">\n\t\t\t\t\t<a class=\"elementor-button elementor-button-link elementor-size-md elementor-animation-grow\" href=\"\/en\/kontakt\/\">\n\t\t\t\t\t\t<span class=\"elementor-button-content-wrapper\">\n\t\t\t\t\t\t\t\t\t<span class=\"elementor-button-text\">CONTACT US<\/span>\n\t\t\t\t\t<\/span>\n\t\t\t\t\t<\/a>\n\t\t\t\t<\/div>\n\t\t\t\t\t\t\t\t<\/div>\n\t\t\t\t<\/div>\n\t\t\t\t\t<\/div>\n\t\t<\/div>\n\t\t\t\t\t<\/div>\n\t\t<\/section>\n\t\t\t\t<section class=\"elementor-section elementor-top-section elementor-element elementor-element-600df46 elementor-section-boxed elementor-section-height-default elementor-section-height-default elementor-invisible\" data-id=\"600df46\" data-element_type=\"section\" data-settings=\"{&quot;animation&quot;:&quot;fadeIn&quot;,&quot;_ha_eqh_enable&quot;:false}\">\n\t\t\t\t\t\t<div class=\"elementor-container elementor-column-gap-default\">\n\t\t\t\t\t<div class=\"elementor-column elementor-col-50 elementor-top-column elementor-element elementor-element-681edfa\" data-id=\"681edfa\" data-element_type=\"column\">\n\t\t\t<div class=\"elementor-widget-wrap elementor-element-populated\">\n\t\t\t\t\t\t<div class=\"elementor-element elementor-element-97b3712 elementor-widget__width-initial elementor-widget elementor-widget-image\" data-id=\"97b3712\" data-element_type=\"widget\" data-widget_type=\"image.default\">\n\t\t\t\t<div class=\"elementor-widget-container\">\n\t\t\t\t\t\t\t\t\t\t\t\t\t\t\t<img decoding=\"async\" width=\"444\" height=\"431\" src=\"https:\/\/word-automation.com\/wp-content\/uploads\/2023\/12\/icon11@1x.webp\" class=\"attachment-full size-full wp-image-34\" alt=\"\" srcset=\"https:\/\/word-automation.com\/wp-content\/uploads\/2023\/12\/icon11@1x.webp 444w, https:\/\/word-automation.com\/wp-content\/uploads\/2023\/12\/icon11@1x-300x291.webp 300w\" sizes=\"(max-width: 444px) 100vw, 444px\" \/>\t\t\t\t\t\t\t\t\t\t\t\t\t\t\t<\/div>\n\t\t\t\t<\/div>\n\t\t\t\t\t<\/div>\n\t\t<\/div>\n\t\t\t\t<div class=\"elementor-column elementor-col-50 elementor-top-column elementor-element elementor-element-70c339c\" data-id=\"70c339c\" data-element_type=\"column\">\n\t\t\t<div class=\"elementor-widget-wrap elementor-element-populated\">\n\t\t\t\t\t\t<div class=\"elementor-element elementor-element-ec73d2b elementor-widget elementor-widget-elementskit-heading\" data-id=\"ec73d2b\" data-element_type=\"widget\" data-widget_type=\"elementskit-heading.default\">\n\t\t\t\t<div class=\"elementor-widget-container\">\n\t\t\t\t\t<div class=\"ekit-wid-con\" ><div class=\"ekit-heading elementskit-section-title-wraper text_left   ekit_heading_tablet-   ekit_heading_mobile-\"><h2 class=\"ekit-heading--title elementskit-section-title\">About us \/ <span><span>Word Automation<\/span><\/span><\/h2><\/div><\/div>\t\t\t\t<\/div>\n\t\t\t\t<\/div>\n\t\t\t\t<div class=\"elementor-element elementor-element-85c0da6 elementor-widget elementor-widget-text-editor\" data-id=\"85c0da6\" data-element_type=\"widget\" data-widget_type=\"text-editor.default\">\n\t\t\t\t<div class=\"elementor-widget-container\">\n\t\t\t\t\t\t\t\t\t<p dir=\"auto\"><span data-font=\"font-montserrat\">Word Automation is a software company that specialises in development and consulting for various industrial sectors industries.<\/span><\/p><p dir=\"auto\"><span data-font=\"font-montserrat\">We are characterised by a high level of level of practical and theoretical knowledge and an  innovative approach to projects. We will help you if you problems and need help, we are always honest and open. We believe that this is very important in any working relationship. Word Automation stands for expertise, top quality, reliability, technically perfect solutions tailored to your needs.<\/span><\/p>\t\t\t\t\t\t\t\t<\/div>\n\t\t\t\t<\/div>\n\t\t\t\t\t<\/div>\n\t\t<\/div>\n\t\t\t\t\t<\/div>\n\t\t<\/section>\n\t\t\t\t<section class=\"elementor-section elementor-top-section elementor-element elementor-element-3725a54 elementor-section-boxed elementor-section-height-default elementor-section-height-default elementor-invisible\" data-id=\"3725a54\" data-element_type=\"section\" data-settings=\"{&quot;background_background&quot;:&quot;classic&quot;,&quot;animation&quot;:&quot;fadeIn&quot;,&quot;_ha_eqh_enable&quot;:false}\">\n\t\t\t\t\t\t\t<div class=\"elementor-background-overlay\"><\/div>\n\t\t\t\t\t\t\t<div class=\"elementor-container elementor-column-gap-default\">\n\t\t\t\t\t<div class=\"elementor-column elementor-col-100 elementor-top-column elementor-element elementor-element-3654688\" data-id=\"3654688\" data-element_type=\"column\">\n\t\t\t<div class=\"elementor-widget-wrap elementor-element-populated\">\n\t\t\t\t\t\t<div class=\"elementor-element elementor-element-9a64e1e elementor-widget elementor-widget-text-editor\" data-id=\"9a64e1e\" data-element_type=\"widget\" data-widget_type=\"text-editor.default\">\n\t\t\t\t<div class=\"elementor-widget-container\">\n\t\t\t\t\t\t\t\t\t<p>Our dedicated team of experts will be happy to provide you with advice and assistance and inform you about our services in the field of\nsoftware development for various automation processes and commissioning. Your enquiry is our mission to provide you with an to provide you with excellent service.<\/p>\t\t\t\t\t\t\t\t<\/div>\n\t\t\t\t<\/div>\n\t\t\t\t<div class=\"elementor-element elementor-element-42b8180 elementor-align-left elementor-widget__width-initial elementor-widget elementor-widget-button\" data-id=\"42b8180\" data-element_type=\"widget\" data-widget_type=\"button.default\">\n\t\t\t\t<div class=\"elementor-widget-container\">\n\t\t\t\t\t\t\t\t\t<div class=\"elementor-button-wrapper\">\n\t\t\t\t\t<a class=\"elementor-button elementor-button-link elementor-size-md elementor-animation-grow\" href=\"\/en\/kontakt\/\">\n\t\t\t\t\t\t<span class=\"elementor-button-content-wrapper\">\n\t\t\t\t\t\t\t\t\t<span class=\"elementor-button-text\">CONTACT US<\/span>\n\t\t\t\t\t<\/span>\n\t\t\t\t\t<\/a>\n\t\t\t\t<\/div>\n\t\t\t\t\t\t\t\t<\/div>\n\t\t\t\t<\/div>\n\t\t\t\t\t<\/div>\n\t\t<\/div>\n\t\t\t\t\t<\/div>\n\t\t<\/section>\n\t\t\t\t<\/div>","protected":false},"excerpt":{"rendered":"<p>Ihr Partner f\u00fcr Entwicklung, Inbetriebnahme und Beratungsleistungen \u2013 Word Automation. Automatisierung f\u00fcr Sondermaschinen \ufeffund Industrieanlagen Word Automation ist ein Software-Unternehmen, das sich mit der Entwicklung und Beratung f\u00fcr verschiedene Branchen in der Industrie besch\u00e4ftigt. F\u00fcr effiziente Produktion und hohe Qualit\u00e4t tun wir alles. UNSERE LEISTUNGEN KONTAKT Was suchen Sie? Wir bieten Ihnen vielf\u00e4ltige M\u00f6glichkeiten f\u00fcr [&hellip;]<\/p>","protected":false},"author":1,"featured_media":0,"parent":0,"menu_order":0,"comment_status":"closed","ping_status":"closed","template":"elementor_header_footer","meta":{"footnotes":""},"class_list":["post-13","page","type-page","status-publish","hentry"],"_links":{"self":[{"href":"https:\/\/word-automation.com\/en\/wp-json\/wp\/v2\/pages\/13","targetHints":{"allow":["GET"]}}],"collection":[{"href":"https:\/\/word-automation.com\/en\/wp-json\/wp\/v2\/pages"}],"about":[{"href":"https:\/\/word-automation.com\/en\/wp-json\/wp\/v2\/types\/page"}],"author":[{"embeddable":true,"href":"https:\/\/word-automation.com\/en\/wp-json\/wp\/v2\/users\/1"}],"replies":[{"embeddable":true,"href":"https:\/\/word-automation.com\/en\/wp-json\/wp\/v2\/comments?post=13"}],"version-history":[{"count":259,"href":"https:\/\/word-automation.com\/en\/wp-json\/wp\/v2\/pages\/13\/revisions"}],"predecessor-version":[{"id":2351,"href":"https:\/\/word-automation.com\/en\/wp-json\/wp\/v2\/pages\/13\/revisions\/2351"}],"wp:attachment":[{"href":"https:\/\/word-automation.com\/en\/wp-json\/wp\/v2\/media?parent=13"}],"curies":[{"name":"wp","href":"https:\/\/api.w.org\/{rel}","templated":true}]}}