{"id":1500,"date":"2024-03-11T13:44:41","date_gmt":"2024-03-11T12:44:41","guid":{"rendered":"https:\/\/word.mondoit.de\/?page_id=1500"},"modified":"2024-05-03T13:07:05","modified_gmt":"2024-05-03T11:07:05","slug":"datenschutz","status":"publish","type":"page","link":"https:\/\/word-automation.com\/en\/datenschutz\/","title":{"rendered":"Privacy policy"},"content":{"rendered":"<div data-elementor-type=\"wp-page\" data-elementor-id=\"1500\" class=\"elementor elementor-1500\" data-elementor-settings=\"{&quot;ha_cmc_init_switcher&quot;:&quot;no&quot;}\">\n\t\t\t\t\t\t<section class=\"elementor-section elementor-top-section elementor-element elementor-element-14d87ab elementor-section-boxed elementor-section-height-default elementor-section-height-default\" data-id=\"14d87ab\" data-element_type=\"section\" data-settings=\"{&quot;background_background&quot;:&quot;classic&quot;,&quot;_ha_eqh_enable&quot;:false}\">\n\t\t\t\t\t\t\t<div class=\"elementor-background-overlay\"><\/div>\n\t\t\t\t\t\t\t<div class=\"elementor-container elementor-column-gap-default\">\n\t\t\t\t\t<div class=\"elementor-column elementor-col-100 elementor-top-column elementor-element elementor-element-090bed3 elementor-invisible\" data-id=\"090bed3\" data-element_type=\"column\" data-settings=\"{&quot;animation&quot;:&quot;fadeIn&quot;}\">\n\t\t\t<div class=\"elementor-widget-wrap elementor-element-populated\">\n\t\t\t\t\t\t<div class=\"elementor-element elementor-element-a93c316 elementor-widget elementor-widget-spacer\" data-id=\"a93c316\" data-element_type=\"widget\" data-widget_type=\"spacer.default\">\n\t\t\t\t<div class=\"elementor-widget-container\">\n\t\t\t\t\t\t\t<div class=\"elementor-spacer\">\n\t\t\t<div class=\"elementor-spacer-inner\"><\/div>\n\t\t<\/div>\n\t\t\t\t\t\t<\/div>\n\t\t\t\t<\/div>\n\t\t\t\t<div class=\"elementor-element elementor-element-14d7680 elementor-widget elementor-widget-heading\" data-id=\"14d7680\" data-element_type=\"widget\" data-widget_type=\"heading.default\">\n\t\t\t\t<div class=\"elementor-widget-container\">\n\t\t\t\t\t<h1 class=\"elementor-heading-title elementor-size-default\">Privacy policy<\/h1>\t\t\t\t<\/div>\n\t\t\t\t<\/div>\n\t\t\t\t<div class=\"elementor-element elementor-element-73968ef elementor-widget elementor-widget-spacer\" data-id=\"73968ef\" data-element_type=\"widget\" data-widget_type=\"spacer.default\">\n\t\t\t\t<div class=\"elementor-widget-container\">\n\t\t\t\t\t\t\t<div class=\"elementor-spacer\">\n\t\t\t<div class=\"elementor-spacer-inner\"><\/div>\n\t\t<\/div>\n\t\t\t\t\t\t<\/div>\n\t\t\t\t<\/div>\n\t\t\t\t\t<\/div>\n\t\t<\/div>\n\t\t\t\t\t<\/div>\n\t\t<\/section>\n\t\t\t\t<section class=\"elementor-section elementor-top-section elementor-element elementor-element-854716a elementor-section-boxed elementor-section-height-default elementor-section-height-default\" data-id=\"854716a\" data-element_type=\"section\" data-settings=\"{&quot;background_background&quot;:&quot;classic&quot;,&quot;_ha_eqh_enable&quot;:false}\">\n\t\t\t\t\t\t\t<div class=\"elementor-background-overlay\"><\/div>\n\t\t\t\t\t\t\t<div class=\"elementor-container elementor-column-gap-default\">\n\t\t\t\t\t<div class=\"elementor-column elementor-col-100 elementor-top-column elementor-element elementor-element-be590a8\" data-id=\"be590a8\" data-element_type=\"column\">\n\t\t\t<div class=\"elementor-widget-wrap elementor-element-populated\">\n\t\t\t\t\t\t<div class=\"elementor-element elementor-element-e3296db elementor-widget elementor-widget-text-editor\" data-id=\"e3296db\" data-element_type=\"widget\" data-widget_type=\"text-editor.default\">\n\t\t\t\t<div class=\"elementor-widget-container\">\n\t\t\t\t\t\t\t\t\t<p>The company Word Automation gbR strongly supports the privacy policy and takes care of the protection of personal data of its customers, clients, employees and website\nvisitors to the website (web address: www.word-automation.com). Information about our services and the use of the website\nwebsite are possible without providing personal data, for the provision of However, the provision of certain services and information\nhowever, the provision of personal data is required.<\/p><p>The processing of your personal data such as name, address, e-mail or telephone number is always carried out in accordance with the General Data Protection Regulation and in accordance with the internal company regulations on the processing of personal data (Privacy data (Privacy Policy). Policy) and are used in the context of the\nbusiness activities of the company.<\/p><p>By means of this data protection declaration we would like to inform you about the type,\nscope and purpose of the personal data we collect and process. personal data we collect and process. We inform employees, users of our services and our website are informed in good faith about about all rights to which they are entitled in connection with the collection and processing of personal data.<\/p><p>Word Automation gbR has taken various technical and organisational organisational precautions to ensure the security of personal data. Of personal data. In some cases, such as such as the exchange of private data via a website, where unintentional security unintentional security breaches may occur, absolute data absolute data security is not possible.<\/p><p>In the event of security breaches or unauthorised access to private unauthorised access to private data, Word Automation gbR cannot accept any any damage that may arise. Although we do our best to to avoid such situations, they are always possible. By data, we therefore assume that you are aware of all possible risks.<\/p><p><b>WHAT DATA DO WE STORE?<\/b><\/p><p>To answer your enquiries, to inform you about offers and promotions offers and promotions, provide the service in accordance with the contract or ordered goods, Word Automation gbR collects and processes data such as gbR collects and processes data such as name, OIB, address, e-mail, telephone\/mobile phone number and the like.<\/p><p>Certain data, some of which can be described as personal data such as the IP address or data on the use of web content, are generated technically.\nof web content, are generated technically. Only in exceptional cases such data may be processed and stored within the framework be processed and stored.<\/p><p>When you access our website, information is automatically information is automatically collected that cannot be assigned to a specific person person (e.g. number of visits, average time spent on the site, number of pages pages accessed, Internet browser used, domain name of the website from which you website from which you came, etc.). The above-mentioned statistical data can be used to analyse and improve our websites and to and to improve the quality of the user experience.<\/p><p><b>DELETION AND BLOCKING OF DATA<\/b><\/p><p>We observe the principles of data avoidance and data minimisation. We therefore only store your personal data for as long as this is necessary to achieve the purposes stated here or the various storage periods provided for by law. Provided for by law. After the respective purpose no longer applies or after the expiry of these periods, the corresponding data is routinely blocked or deleted in accordance\nblocked or deleted in accordance with the statutory provisions.<\/p><p><b>CHANGES TO OUR PRIVACY POLICY<\/b><\/p><p>We reserve the right to amend this privacy policy from time to time so that it always complies with the current legal requirements\nlegal requirements or to implement changes to our services in the privacy policy, e.g. when introducing new services. Your next visit will then be subject to the new privacy policy will then apply.<\/p>\t\t\t\t\t\t\t\t<\/div>\n\t\t\t\t<\/div>\n\t\t\t\t\t<\/div>\n\t\t<\/div>\n\t\t\t\t\t<\/div>\n\t\t<\/section>\n\t\t\t\t<\/div>","protected":false},"excerpt":{"rendered":"<p>Datenschutz Die Firma Word Automation gbR unterst\u00fctzt nachdr\u00fccklich die Datenschutzrichtlinie und k\u00fcmmert sich um den Schutz personenbezogener Daten ihrer Kunden, Auftraggeber, Mitarbeiter und Besucher der Website (Webadresse: www.word-automation.com). Informationen \u00fcber unsere Dienstleistungen und die Nutzung der Website sind ohne Angabe personenbezogener Daten m\u00f6glich, f\u00fcr die Bereitstellung bestimmter Dienstleistungen und Informationen ist jedoch die Angabe personenbezogener [&hellip;]<\/p>","protected":false},"author":1,"featured_media":0,"parent":0,"menu_order":0,"comment_status":"closed","ping_status":"closed","template":"elementor_header_footer","meta":{"footnotes":""},"class_list":["post-1500","page","type-page","status-publish","hentry"],"_links":{"self":[{"href":"https:\/\/word-automation.com\/en\/wp-json\/wp\/v2\/pages\/1500","targetHints":{"allow":["GET"]}}],"collection":[{"href":"https:\/\/word-automation.com\/en\/wp-json\/wp\/v2\/pages"}],"about":[{"href":"https:\/\/word-automation.com\/en\/wp-json\/wp\/v2\/types\/page"}],"author":[{"embeddable":true,"href":"https:\/\/word-automation.com\/en\/wp-json\/wp\/v2\/users\/1"}],"replies":[{"embeddable":true,"href":"https:\/\/word-automation.com\/en\/wp-json\/wp\/v2\/comments?post=1500"}],"version-history":[{"count":19,"href":"https:\/\/word-automation.com\/en\/wp-json\/wp\/v2\/pages\/1500\/revisions"}],"predecessor-version":[{"id":2238,"href":"https:\/\/word-automation.com\/en\/wp-json\/wp\/v2\/pages\/1500\/revisions\/2238"}],"wp:attachment":[{"href":"https:\/\/word-automation.com\/en\/wp-json\/wp\/v2\/media?parent=1500"}],"curies":[{"name":"wp","href":"https:\/\/api.w.org\/{rel}","templated":true}]}}