{"id":183,"date":"2023-12-20T16:05:05","date_gmt":"2023-12-20T15:05:05","guid":{"rendered":"https:\/\/word.mondoit.de\/?page_id=183"},"modified":"2024-07-09T12:29:21","modified_gmt":"2024-07-09T10:29:21","slug":"leistungen","status":"publish","type":"page","link":"https:\/\/word-automation.com\/en\/leistungen\/","title":{"rendered":"Services"},"content":{"rendered":"<div data-elementor-type=\"wp-page\" data-elementor-id=\"183\" class=\"elementor elementor-183\" data-elementor-settings=\"{&quot;ha_cmc_init_switcher&quot;:&quot;no&quot;}\">\n\t\t\t\t\t\t<section class=\"elementor-section elementor-top-section elementor-element elementor-element-14d87ab elementor-section-boxed elementor-section-height-default elementor-section-height-default\" data-id=\"14d87ab\" data-element_type=\"section\" data-settings=\"{&quot;background_background&quot;:&quot;classic&quot;,&quot;_ha_eqh_enable&quot;:false}\">\n\t\t\t\t\t\t\t<div class=\"elementor-background-overlay\"><\/div>\n\t\t\t\t\t\t\t<div class=\"elementor-container elementor-column-gap-default\">\n\t\t\t\t\t<div class=\"elementor-column elementor-col-100 elementor-top-column elementor-element elementor-element-090bed3 elementor-invisible\" data-id=\"090bed3\" data-element_type=\"column\" data-settings=\"{&quot;animation&quot;:&quot;fadeIn&quot;}\">\n\t\t\t<div class=\"elementor-widget-wrap elementor-element-populated\">\n\t\t\t\t\t\t<div class=\"elementor-element elementor-element-14d7680 elementor-widget elementor-widget-heading\" data-id=\"14d7680\" data-element_type=\"widget\" data-widget_type=\"heading.default\">\n\t\t\t\t<div class=\"elementor-widget-container\">\n\t\t\t\t\t<h1 class=\"elementor-heading-title elementor-size-default\">Services<\/h1>\t\t\t\t<\/div>\n\t\t\t\t<\/div>\n\t\t\t\t<div class=\"elementor-element elementor-element-5ff315e elementor-widget elementor-widget-text-editor\" data-id=\"5ff315e\" data-element_type=\"widget\" data-widget_type=\"text-editor.default\">\n\t\t\t\t<div class=\"elementor-widget-container\">\n\t\t\t\t\t\t\t\t\t<p dir=\"auto\"><span data-font=\"font-montserrat\">Your experts for every level of automation. <br \/><\/span>Are you looking for a fast and successful realisation of your realisation of your project?\u00a0<br \/><span data-font=\"font-montserrat\">You specify, we realise individual machine control systems.\u00a0<\/span><\/p>\t\t\t\t\t\t\t\t<\/div>\n\t\t\t\t<\/div>\n\t\t\t\t\t<\/div>\n\t\t<\/div>\n\t\t\t\t\t<\/div>\n\t\t<\/section>\n\t\t\t\t<section class=\"elementor-section elementor-top-section elementor-element elementor-element-854716a elementor-section-boxed elementor-section-height-default elementor-section-height-default\" data-id=\"854716a\" data-element_type=\"section\" data-settings=\"{&quot;background_background&quot;:&quot;classic&quot;,&quot;_ha_eqh_enable&quot;:false}\">\n\t\t\t\t\t\t\t<div class=\"elementor-background-overlay\"><\/div>\n\t\t\t\t\t\t\t<div class=\"elementor-container elementor-column-gap-default\">\n\t\t\t\t\t<div class=\"elementor-column elementor-col-100 elementor-top-column elementor-element elementor-element-be590a8\" data-id=\"be590a8\" data-element_type=\"column\">\n\t\t\t<div class=\"elementor-widget-wrap elementor-element-populated\">\n\t\t\t\t\t\t<div class=\"elementor-element elementor-element-e05628d elementor-widget elementor-widget-elementskit-heading\" data-id=\"e05628d\" data-element_type=\"widget\" data-widget_type=\"elementskit-heading.default\">\n\t\t\t\t<div class=\"elementor-widget-container\">\n\t\t\t\t\t<div class=\"ekit-wid-con\" ><div class=\"ekit-heading elementskit-section-title-wraper text_left   ekit_heading_tablet-   ekit_heading_mobile-\"><h2 class=\"ekit-heading--title elementskit-section-title\">Our  <span><span>Services<\/span><\/span><\/h2><\/div><\/div>\t\t\t\t<\/div>\n\t\t\t\t<\/div>\n\t\t\t\t<div class=\"elementor-element elementor-element-2e47219 elementor-widget elementor-widget-text-editor\" data-id=\"2e47219\" data-element_type=\"widget\" data-widget_type=\"text-editor.default\">\n\t\t\t\t<div class=\"elementor-widget-container\">\n\t\t\t\t\t\t\t\t\t<p dir=\"auto\"><span data-font=\"font-montserrat\">Our creative and efficient PLC programmers realise your entire realise your entire PLC control programming, visualisation PLC control programming, visualisation and commissioning.\u00a0\u00a0<\/span><\/p><p dir=\"auto\"><span data-font=\"font-montserrat\">We also reliably carry out all the necessary tests and approvals reliably for you. After more than 10 years years of automation experience, we are familiar with almost every task in the implementation of machine control systems, including all safety-related requirements, e.g. those of DIN EN ISO 13849. entails.\u00a0<\/span><\/p>\t\t\t\t\t\t\t\t<\/div>\n\t\t\t\t<\/div>\n\t\t\t\t<section class=\"elementor-section elementor-inner-section elementor-element elementor-element-4f6b3e7 elementor-section-boxed elementor-section-height-default elementor-section-height-default\" data-id=\"4f6b3e7\" data-element_type=\"section\" data-settings=\"{&quot;_ha_eqh_enable&quot;:false}\">\n\t\t\t\t\t\t<div class=\"elementor-container elementor-column-gap-default\">\n\t\t\t\t\t<div class=\"elementor-column elementor-col-50 elementor-inner-column elementor-element elementor-element-f437926\" data-id=\"f437926\" data-element_type=\"column\" data-settings=\"{&quot;background_background&quot;:&quot;classic&quot;}\">\n\t\t\t<div class=\"elementor-widget-wrap elementor-element-populated\">\n\t\t\t\t\t<div class=\"elementor-background-overlay\"><\/div>\n\t\t\t\t\t\t<div class=\"elementor-element elementor-element-39d3b09 elementor-widget elementor-widget-spacer\" data-id=\"39d3b09\" data-element_type=\"widget\" data-widget_type=\"spacer.default\">\n\t\t\t\t<div class=\"elementor-widget-container\">\n\t\t\t\t\t\t\t<div class=\"elementor-spacer\">\n\t\t\t<div class=\"elementor-spacer-inner\"><\/div>\n\t\t<\/div>\n\t\t\t\t\t\t<\/div>\n\t\t\t\t<\/div>\n\t\t\t\t\t<\/div>\n\t\t<\/div>\n\t\t\t\t<div class=\"elementor-column elementor-col-50 elementor-inner-column elementor-element elementor-element-a743211\" data-id=\"a743211\" data-element_type=\"column\">\n\t\t\t<div class=\"elementor-widget-wrap elementor-element-populated\">\n\t\t\t\t\t\t<div class=\"elementor-element elementor-element-9016425 elementor-widget elementor-widget-text-editor\" data-id=\"9016425\" data-element_type=\"widget\" data-widget_type=\"text-editor.default\">\n\t\t\t\t<div class=\"elementor-widget-container\">\n\t\t\t\t\t\t\t\t\t<p dir=\"auto\"><span data-font=\"font-montserrat\">What counts is designing your process in such a way that a smooth flow of data flow of data between all levels can be guaranteed. And that\nregardless of whether your company is a global player or a solid a solid medium-sized company.<br \/><br \/><\/span>What counts for us is that your machine or system does what it is supposed to do it should - screwing, pressing, positioning or gripping. We\nguarantee with reliable programming that the right data is data at the right time, in the right place and in the right form.\u00a0<\/p>\t\t\t\t\t\t\t\t<\/div>\n\t\t\t\t<\/div>\n\t\t\t\t\t<\/div>\n\t\t<\/div>\n\t\t\t\t\t<\/div>\n\t\t<\/section>\n\t\t\t\t\t<\/div>\n\t\t<\/div>\n\t\t\t\t\t<\/div>\n\t\t<\/section>\n\t\t\t\t<section class=\"elementor-section elementor-top-section elementor-element elementor-element-f0d8d40 elementor-section-boxed elementor-section-height-default elementor-section-height-default\" data-id=\"f0d8d40\" data-element_type=\"section\" data-settings=\"{&quot;_ha_eqh_enable&quot;:false}\">\n\t\t\t\t\t\t<div class=\"elementor-container elementor-column-gap-default\">\n\t\t\t\t\t<div class=\"elementor-column elementor-col-50 elementor-top-column elementor-element elementor-element-832e8ef\" data-id=\"832e8ef\" data-element_type=\"column\">\n\t\t\t<div class=\"elementor-widget-wrap elementor-element-populated\">\n\t\t\t\t\t\t<div data-ha-element-link=\"{&quot;url&quot;:&quot;\\\/sps-programmierung&quot;,&quot;is_external&quot;:&quot;&quot;,&quot;nofollow&quot;:&quot;&quot;}\" style=\"cursor: pointer\" class=\"elementor-element elementor-element-fe8135f prviblok ekit-equal-height-disable ha-has-bg-overlay elementor-widget elementor-widget-elementskit-image-box\" data-id=\"fe8135f\" data-element_type=\"widget\" data-widget_type=\"elementskit-image-box.default\">\n\t\t\t\t<div class=\"elementor-widget-container\">\n\t\t\t\t\t<div class=\"ekit-wid-con\" >\n            <div class=\"elementskit-info-image-box ekit-image-box text-left simple-card\" >\n\n                \n                <div class=\"elementskit-box-header image-box-img-left\">\n\n                    <img fetchpriority=\"high\" decoding=\"async\" width=\"1064\" height=\"710\" src=\"https:\/\/word-automation.com\/wp-content\/uploads\/2024\/01\/sps-leistungen.png\" class=\"attachment-full size-full wp-image-440\" alt=\"\" srcset=\"https:\/\/word-automation.com\/wp-content\/uploads\/2024\/01\/sps-leistungen.png 1064w, https:\/\/word-automation.com\/wp-content\/uploads\/2024\/01\/sps-leistungen-300x200.png 300w, https:\/\/word-automation.com\/wp-content\/uploads\/2024\/01\/sps-leistungen-1024x683.png 1024w, https:\/\/word-automation.com\/wp-content\/uploads\/2024\/01\/sps-leistungen-768x512.png 768w\" sizes=\"(max-width: 1064px) 100vw, 1064px\" \/>\n                <\/div>\n                \n                <div class=\"elementskit-box-body ekit-image-box-body\">\n                    <div class=\"elementskit-box-content ekit-image-box-body-inner\">\n                                                <h3 class=\"elementskit-info-box-title\">\n\n                        PLC programming\n                        \n                    <\/h3>\n                                                        <\/div>\n\n                            <\/div>\n            <\/div>\n    <\/div>\t\t\t\t<\/div>\n\t\t\t\t<\/div>\n\t\t\t\t\t<\/div>\n\t\t<\/div>\n\t\t\t\t<div class=\"elementor-column elementor-col-50 elementor-top-column elementor-element elementor-element-8d2cd76\" data-id=\"8d2cd76\" data-element_type=\"column\">\n\t\t\t<div class=\"elementor-widget-wrap elementor-element-populated\">\n\t\t\t\t\t\t<div data-ha-element-link=\"{&quot;url&quot;:&quot;\\\/roboter-programmierung&quot;,&quot;is_external&quot;:&quot;&quot;,&quot;nofollow&quot;:&quot;&quot;}\" style=\"cursor: pointer\" class=\"elementor-element elementor-element-8e0ee1b prviblok ekit-equal-height-disable ha-has-bg-overlay elementor-widget elementor-widget-elementskit-image-box\" data-id=\"8e0ee1b\" data-element_type=\"widget\" data-widget_type=\"elementskit-image-box.default\">\n\t\t\t\t<div class=\"elementor-widget-container\">\n\t\t\t\t\t<div class=\"ekit-wid-con\" >\n            <div class=\"elementskit-info-image-box ekit-image-box text-left simple-card\" >\n\n                \n                <div class=\"elementskit-box-header image-box-img-left\">\n\n                    <img decoding=\"async\" width=\"1064\" height=\"710\" src=\"https:\/\/word-automation.com\/wp-content\/uploads\/2024\/01\/roboter-leistungen.png\" class=\"attachment-full size-full wp-image-439\" alt=\"\" srcset=\"https:\/\/word-automation.com\/wp-content\/uploads\/2024\/01\/roboter-leistungen.png 1064w, https:\/\/word-automation.com\/wp-content\/uploads\/2024\/01\/roboter-leistungen-300x200.png 300w, https:\/\/word-automation.com\/wp-content\/uploads\/2024\/01\/roboter-leistungen-1024x683.png 1024w, https:\/\/word-automation.com\/wp-content\/uploads\/2024\/01\/roboter-leistungen-768x512.png 768w\" sizes=\"(max-width: 1064px) 100vw, 1064px\" \/>\n                <\/div>\n                \n                <div class=\"elementskit-box-body ekit-image-box-body\">\n                    <div class=\"elementskit-box-content ekit-image-box-body-inner\">\n                                                <h3 class=\"elementskit-info-box-title\">\n\n                        Robot programming\n                        \n                    <\/h3>\n                                                        <\/div>\n\n                            <\/div>\n            <\/div>\n    <\/div>\t\t\t\t<\/div>\n\t\t\t\t<\/div>\n\t\t\t\t\t<\/div>\n\t\t<\/div>\n\t\t\t\t\t<\/div>\n\t\t<\/section>\n\t\t\t\t<section class=\"elementor-section elementor-top-section elementor-element elementor-element-077bd66 elementor-section-boxed elementor-section-height-default elementor-section-height-default\" data-id=\"077bd66\" data-element_type=\"section\" data-settings=\"{&quot;_ha_eqh_enable&quot;:false}\">\n\t\t\t\t\t\t<div class=\"elementor-container elementor-column-gap-default\">\n\t\t\t\t\t<div class=\"elementor-column elementor-col-50 elementor-top-column elementor-element elementor-element-17cd4a0\" data-id=\"17cd4a0\" data-element_type=\"column\">\n\t\t\t<div class=\"elementor-widget-wrap elementor-element-populated\">\n\t\t\t\t\t\t<div data-ha-element-link=\"{&quot;url&quot;:&quot;\\\/vision-engineering&quot;,&quot;is_external&quot;:&quot;&quot;,&quot;nofollow&quot;:&quot;&quot;}\" style=\"cursor: pointer\" class=\"elementor-element elementor-element-5c0a28f prviblok ekit-equal-height-disable ha-has-bg-overlay elementor-widget elementor-widget-elementskit-image-box\" data-id=\"5c0a28f\" data-element_type=\"widget\" data-widget_type=\"elementskit-image-box.default\">\n\t\t\t\t<div class=\"elementor-widget-container\">\n\t\t\t\t\t<div class=\"ekit-wid-con\" >\n            <div class=\"elementskit-info-image-box ekit-image-box text-left simple-card\" >\n\n                \n                <div class=\"elementskit-box-header image-box-img-left\">\n\n                    <img decoding=\"async\" width=\"1064\" height=\"710\" src=\"https:\/\/word-automation.com\/wp-content\/uploads\/2024\/01\/vision-leistungen.png\" class=\"attachment-full size-full wp-image-437\" alt=\"\" srcset=\"https:\/\/word-automation.com\/wp-content\/uploads\/2024\/01\/vision-leistungen.png 1064w, https:\/\/word-automation.com\/wp-content\/uploads\/2024\/01\/vision-leistungen-300x200.png 300w, https:\/\/word-automation.com\/wp-content\/uploads\/2024\/01\/vision-leistungen-1024x683.png 1024w, https:\/\/word-automation.com\/wp-content\/uploads\/2024\/01\/vision-leistungen-768x512.png 768w\" sizes=\"(max-width: 1064px) 100vw, 1064px\" \/>\n                <\/div>\n                \n                <div class=\"elementskit-box-body ekit-image-box-body\">\n                    <div class=\"elementskit-box-content ekit-image-box-body-inner\">\n                                                <h3 class=\"elementskit-info-box-title\">\n\n                        Vision engineering\n                        \n                    <\/h3>\n                                                        <\/div>\n\n                            <\/div>\n            <\/div>\n    <\/div>\t\t\t\t<\/div>\n\t\t\t\t<\/div>\n\t\t\t\t\t<\/div>\n\t\t<\/div>\n\t\t\t\t<div class=\"elementor-column elementor-col-50 elementor-top-column elementor-element elementor-element-6c25eee\" data-id=\"6c25eee\" data-element_type=\"column\">\n\t\t\t<div class=\"elementor-widget-wrap elementor-element-populated\">\n\t\t\t\t\t\t<div data-ha-element-link=\"{&quot;url&quot;:&quot;\\\/database-management&quot;,&quot;is_external&quot;:&quot;&quot;,&quot;nofollow&quot;:&quot;&quot;}\" style=\"cursor: pointer\" class=\"elementor-element elementor-element-ddafe0c prviblok ekit-equal-height-disable ha-has-bg-overlay elementor-widget elementor-widget-elementskit-image-box\" data-id=\"ddafe0c\" data-element_type=\"widget\" data-widget_type=\"elementskit-image-box.default\">\n\t\t\t\t<div class=\"elementor-widget-container\">\n\t\t\t\t\t<div class=\"ekit-wid-con\" >\n            <div class=\"elementskit-info-image-box ekit-image-box text-left simple-card\" >\n\n                \n                <div class=\"elementskit-box-header image-box-img-left\">\n\n                    <img loading=\"lazy\" decoding=\"async\" width=\"1064\" height=\"711\" src=\"https:\/\/word-automation.com\/wp-content\/uploads\/2024\/01\/data-leistungen.png\" class=\"attachment-full size-full wp-image-438\" alt=\"\" srcset=\"https:\/\/word-automation.com\/wp-content\/uploads\/2024\/01\/data-leistungen.png 1064w, https:\/\/word-automation.com\/wp-content\/uploads\/2024\/01\/data-leistungen-300x200.png 300w, https:\/\/word-automation.com\/wp-content\/uploads\/2024\/01\/data-leistungen-1024x684.png 1024w, https:\/\/word-automation.com\/wp-content\/uploads\/2024\/01\/data-leistungen-768x513.png 768w\" sizes=\"(max-width: 1064px) 100vw, 1064px\" \/>\n                <\/div>\n                \n                <div class=\"elementskit-box-body ekit-image-box-body\">\n                    <div class=\"elementskit-box-content ekit-image-box-body-inner\">\n                                                <h3 class=\"elementskit-info-box-title\">\n\n                        Database management\n                        \n                    <\/h3>\n                                                        <\/div>\n\n                            <\/div>\n            <\/div>\n    <\/div>\t\t\t\t<\/div>\n\t\t\t\t<\/div>\n\t\t\t\t\t<\/div>\n\t\t<\/div>\n\t\t\t\t\t<\/div>\n\t\t<\/section>\n\t\t\t\t<section class=\"elementor-section elementor-top-section elementor-element elementor-element-3725a54 elementor-section-boxed elementor-section-height-default elementor-section-height-default\" data-id=\"3725a54\" data-element_type=\"section\" data-settings=\"{&quot;background_background&quot;:&quot;classic&quot;,&quot;_ha_eqh_enable&quot;:false}\">\n\t\t\t\t\t\t\t<div class=\"elementor-background-overlay\"><\/div>\n\t\t\t\t\t\t\t<div class=\"elementor-container elementor-column-gap-default\">\n\t\t\t\t\t<div class=\"elementor-column elementor-col-100 elementor-top-column elementor-element elementor-element-3654688\" data-id=\"3654688\" data-element_type=\"column\">\n\t\t\t<div class=\"elementor-widget-wrap elementor-element-populated\">\n\t\t\t\t\t\t<div class=\"elementor-element elementor-element-9a64e1e elementor-widget elementor-widget-text-editor\" data-id=\"9a64e1e\" data-element_type=\"widget\" data-widget_type=\"text-editor.default\">\n\t\t\t\t<div class=\"elementor-widget-container\">\n\t\t\t\t\t\t\t\t\t<p>If we have aroused your interest or if you have a specific question about a specific service, please do not hesitate to contact us. We are always at your disposal and will be happy to help you find the right solution for you.<\/p>\t\t\t\t\t\t\t\t<\/div>\n\t\t\t\t<\/div>\n\t\t\t\t<div class=\"elementor-element elementor-element-42b8180 elementor-align-left elementor-widget__width-initial elementor-widget elementor-widget-button\" data-id=\"42b8180\" data-element_type=\"widget\" data-widget_type=\"button.default\">\n\t\t\t\t<div class=\"elementor-widget-container\">\n\t\t\t\t\t\t\t\t\t<div class=\"elementor-button-wrapper\">\n\t\t\t\t\t<a class=\"elementor-button elementor-button-link elementor-size-md elementor-animation-grow\" href=\"\/en\/kontakt\/\">\n\t\t\t\t\t\t<span class=\"elementor-button-content-wrapper\">\n\t\t\t\t\t\t\t\t\t<span class=\"elementor-button-text\">CONTACT US<\/span>\n\t\t\t\t\t<\/span>\n\t\t\t\t\t<\/a>\n\t\t\t\t<\/div>\n\t\t\t\t\t\t\t\t<\/div>\n\t\t\t\t<\/div>\n\t\t\t\t<div class=\"elementor-element elementor-element-de6de1b elementor-widget elementor-widget-spacer\" data-id=\"de6de1b\" data-element_type=\"widget\" data-widget_type=\"spacer.default\">\n\t\t\t\t<div class=\"elementor-widget-container\">\n\t\t\t\t\t\t\t<div class=\"elementor-spacer\">\n\t\t\t<div class=\"elementor-spacer-inner\"><\/div>\n\t\t<\/div>\n\t\t\t\t\t\t<\/div>\n\t\t\t\t<\/div>\n\t\t\t\t\t<\/div>\n\t\t<\/div>\n\t\t\t\t\t<\/div>\n\t\t<\/section>\n\t\t\t\t<\/div>","protected":false},"excerpt":{"rendered":"<p>Leistungen Ihre Experten f\u00fcr jeden Automatisierungsgrad. Sie w\u00fcnschen sich zur schnellen und erfolgreichen Realisierung Ihres Projektes?\u00a0Sie spezifizieren, wir realisieren individuelle Maschinensteuerungen.\u00a0 Unsere Leistungen Unsere kreativen und leistungsstarken SPS-Programmierer realisieren unabh\u00e4ngig vom Automatisierungsgrad Ihre gesamte SPS-Steuerungsprogrammierung, Visualisierung und Inbetriebnahme.\u00a0\u00a0 Zudem setzen wir danach alle erforderlichen Pr\u00fcfungen und Abnahmen zuverl\u00e4ssig f\u00fcr Sie um. Nach mehr als 10 [&hellip;]<\/p>","protected":false},"author":1,"featured_media":0,"parent":0,"menu_order":0,"comment_status":"closed","ping_status":"closed","template":"elementor_header_footer","meta":{"footnotes":""},"class_list":["post-183","page","type-page","status-publish","hentry"],"_links":{"self":[{"href":"https:\/\/word-automation.com\/en\/wp-json\/wp\/v2\/pages\/183","targetHints":{"allow":["GET"]}}],"collection":[{"href":"https:\/\/word-automation.com\/en\/wp-json\/wp\/v2\/pages"}],"about":[{"href":"https:\/\/word-automation.com\/en\/wp-json\/wp\/v2\/types\/page"}],"author":[{"embeddable":true,"href":"https:\/\/word-automation.com\/en\/wp-json\/wp\/v2\/users\/1"}],"replies":[{"embeddable":true,"href":"https:\/\/word-automation.com\/en\/wp-json\/wp\/v2\/comments?post=183"}],"version-history":[{"count":133,"href":"https:\/\/word-automation.com\/en\/wp-json\/wp\/v2\/pages\/183\/revisions"}],"predecessor-version":[{"id":2304,"href":"https:\/\/word-automation.com\/en\/wp-json\/wp\/v2\/pages\/183\/revisions\/2304"}],"wp:attachment":[{"href":"https:\/\/word-automation.com\/en\/wp-json\/wp\/v2\/media?parent=183"}],"curies":[{"name":"wp","href":"https:\/\/api.w.org\/{rel}","templated":true}]}}