{"id":196,"date":"2023-12-20T16:25:28","date_gmt":"2023-12-20T15:25:28","guid":{"rendered":"https:\/\/word.mondoit.de\/?page_id=196"},"modified":"2024-05-03T13:07:32","modified_gmt":"2024-05-03T11:07:32","slug":"service","status":"publish","type":"page","link":"https:\/\/word-automation.com\/en\/service\/","title":{"rendered":"Service"},"content":{"rendered":"<div data-elementor-type=\"wp-page\" data-elementor-id=\"196\" class=\"elementor elementor-196\" data-elementor-settings=\"{&quot;ha_cmc_init_switcher&quot;:&quot;no&quot;}\">\n\t\t\t\t\t\t<section class=\"elementor-section elementor-top-section elementor-element elementor-element-14d87ab elementor-section-boxed elementor-section-height-default elementor-section-height-default\" data-id=\"14d87ab\" data-element_type=\"section\" data-settings=\"{&quot;background_background&quot;:&quot;classic&quot;,&quot;_ha_eqh_enable&quot;:false}\">\n\t\t\t\t\t\t\t<div class=\"elementor-background-overlay\"><\/div>\n\t\t\t\t\t\t\t<div class=\"elementor-container elementor-column-gap-default\">\n\t\t\t\t\t<div class=\"elementor-column elementor-col-100 elementor-top-column elementor-element elementor-element-090bed3 elementor-invisible\" data-id=\"090bed3\" data-element_type=\"column\" data-settings=\"{&quot;animation&quot;:&quot;fadeIn&quot;}\">\n\t\t\t<div class=\"elementor-widget-wrap elementor-element-populated\">\n\t\t\t\t\t\t<div class=\"elementor-element elementor-element-14d7680 elementor-widget elementor-widget-heading\" data-id=\"14d7680\" data-element_type=\"widget\" data-widget_type=\"heading.default\">\n\t\t\t\t<div class=\"elementor-widget-container\">\n\t\t\t\t\t<h1 class=\"elementor-heading-title elementor-size-default\">Service<\/h1>\t\t\t\t<\/div>\n\t\t\t\t<\/div>\n\t\t\t\t<div class=\"elementor-element elementor-element-5ff315e elementor-widget elementor-widget-text-editor\" data-id=\"5ff315e\" data-element_type=\"widget\" data-widget_type=\"text-editor.default\">\n\t\t\t\t<div class=\"elementor-widget-container\">\n\t\t\t\t\t\t\t\t\t<p>Word Automation is always there for you: If you have minor or major major problems, you are welcome to make use of our support service<\/p>\t\t\t\t\t\t\t\t<\/div>\n\t\t\t\t<\/div>\n\t\t\t\t\t<\/div>\n\t\t<\/div>\n\t\t\t\t\t<\/div>\n\t\t<\/section>\n\t\t\t\t<section class=\"elementor-section elementor-top-section elementor-element elementor-element-854716a elementor-section-boxed elementor-section-height-default elementor-section-height-default\" data-id=\"854716a\" data-element_type=\"section\" data-settings=\"{&quot;background_background&quot;:&quot;classic&quot;,&quot;_ha_eqh_enable&quot;:false}\">\n\t\t\t\t\t\t\t<div class=\"elementor-background-overlay\"><\/div>\n\t\t\t\t\t\t\t<div class=\"elementor-container elementor-column-gap-default\">\n\t\t\t\t\t<div class=\"elementor-column elementor-col-100 elementor-top-column elementor-element elementor-element-be590a8\" data-id=\"be590a8\" data-element_type=\"column\">\n\t\t\t<div class=\"elementor-widget-wrap elementor-element-populated\">\n\t\t\t\t\t\t<div class=\"elementor-element elementor-element-9e6a39b elementor-widget elementor-widget-spacer\" data-id=\"9e6a39b\" data-element_type=\"widget\" data-widget_type=\"spacer.default\">\n\t\t\t\t<div class=\"elementor-widget-container\">\n\t\t\t\t\t\t\t<div class=\"elementor-spacer\">\n\t\t\t<div class=\"elementor-spacer-inner\"><\/div>\n\t\t<\/div>\n\t\t\t\t\t\t<\/div>\n\t\t\t\t<\/div>\n\t\t\t\t<div class=\"elementor-element elementor-element-f705d65 elementor-widget elementor-widget-elementskit-heading\" data-id=\"f705d65\" data-element_type=\"widget\" data-widget_type=\"elementskit-heading.default\">\n\t\t\t\t<div class=\"elementor-widget-container\">\n\t\t\t\t\t<div class=\"ekit-wid-con\" ><div class=\"ekit-heading elementskit-section-title-wraper text_left   ekit_heading_tablet-   ekit_heading_mobile-\"><h2 class=\"ekit-heading--title elementskit-section-title\">The <span><span>support service<\/span><\/span> includes<\/h2><\/div><\/div>\t\t\t\t<\/div>\n\t\t\t\t<\/div>\n\t\t\t\t<div class=\"elementor-element elementor-element-2e47219 elementor-widget elementor-widget-text-editor\" data-id=\"2e47219\" data-element_type=\"widget\" data-widget_type=\"text-editor.default\">\n\t\t\t\t<div class=\"elementor-widget-container\">\n\t\t\t\t\t\t\t\t\t<p dir=\"auto\"><span data-font=\"font-montserrat\">Of course, we are dealing with a complex subject matter where can get stuck here and there. But at the same time it is important that such issues are not only dealt with quickly but also that they are handled professionally and reliably.<\/span><\/p><p dir=\"auto\"><span data-font=\"font-montserrat\">Our field deals with automated systems and all their intricacies. Their intricacies. Systems with which the daily work of our customers of our customers stands or falls. It is therefore important to act quickly and to guarantee easily accessible support. But we are not only fast, but also eliminate problems with the right the right solution so that they are really solved permanently and effectively. solved permanently and effectively. Prompt, professional support is exactly the right right combination for optimal problem solving.<\/span><\/p>\t\t\t\t\t\t\t\t<\/div>\n\t\t\t\t<\/div>\n\t\t\t\t<div class=\"elementor-element elementor-element-eefadc2 services-footer elementor-widget elementor-widget-spacer\" data-id=\"eefadc2\" data-element_type=\"widget\" id=\"services-footer\" data-widget_type=\"spacer.default\">\n\t\t\t\t<div class=\"elementor-widget-container\">\n\t\t\t\t\t\t\t<div class=\"elementor-spacer\">\n\t\t\t<div class=\"elementor-spacer-inner\"><\/div>\n\t\t<\/div>\n\t\t\t\t\t\t<\/div>\n\t\t\t\t<\/div>\n\t\t\t\t\t<\/div>\n\t\t<\/div>\n\t\t\t\t\t<\/div>\n\t\t<\/section>\n\t\t\t\t<section class=\"elementor-section elementor-top-section elementor-element elementor-element-44f6776 elementor-section-boxed elementor-section-height-default elementor-section-height-default\" data-id=\"44f6776\" data-element_type=\"section\" data-settings=\"{&quot;_ha_eqh_enable&quot;:false}\">\n\t\t\t\t\t\t<div class=\"elementor-container elementor-column-gap-default\">\n\t\t\t\t\t<div class=\"elementor-column elementor-col-50 elementor-top-column elementor-element elementor-element-011d46e hover-scale-block\" data-id=\"011d46e\" data-element_type=\"column\" data-settings=\"{&quot;background_background&quot;:&quot;classic&quot;}\">\n\t\t\t<div class=\"elementor-widget-wrap elementor-element-populated\">\n\t\t\t\t\t\t<div class=\"elementor-element elementor-element-8648728 ha-has-bg-overlay elementor-widget elementor-widget-text-editor\" data-id=\"8648728\" data-element_type=\"widget\" data-widget_type=\"text-editor.default\">\n\t\t\t\t<div class=\"elementor-widget-container\">\n\t\t\t\t\t\t\t\t\tSERVICE\t\t\t\t\t\t\t\t<\/div>\n\t\t\t\t<\/div>\n\t\t\t\t<div class=\"elementor-element elementor-element-a65d4bf hover-scale-image-block elementor-widget elementor-widget-image\" data-id=\"a65d4bf\" data-element_type=\"widget\" data-widget_type=\"image.default\">\n\t\t\t\t<div class=\"elementor-widget-container\">\n\t\t\t\t\t\t\t\t\t\t\t\t\t\t\t<img fetchpriority=\"high\" decoding=\"async\" width=\"2560\" height=\"1310\" src=\"https:\/\/word-automation.com\/wp-content\/uploads\/2024\/03\/word2-scaled.jpg\" class=\"attachment-full size-full wp-image-1347\" alt=\"\" srcset=\"https:\/\/word-automation.com\/wp-content\/uploads\/2024\/03\/word2-scaled.jpg 2560w, https:\/\/word-automation.com\/wp-content\/uploads\/2024\/03\/word2-300x154.jpg 300w, https:\/\/word-automation.com\/wp-content\/uploads\/2024\/03\/word2-1024x524.jpg 1024w, https:\/\/word-automation.com\/wp-content\/uploads\/2024\/03\/word2-768x393.jpg 768w, https:\/\/word-automation.com\/wp-content\/uploads\/2024\/03\/word2-1536x786.jpg 1536w, https:\/\/word-automation.com\/wp-content\/uploads\/2024\/03\/word2-2048x1048.jpg 2048w, https:\/\/word-automation.com\/wp-content\/uploads\/2024\/03\/word2-18x9.jpg 18w\" sizes=\"(max-width: 2560px) 100vw, 2560px\" \/>\t\t\t\t\t\t\t\t\t\t\t\t\t\t\t<\/div>\n\t\t\t\t<\/div>\n\t\t\t\t<div class=\"elementor-element elementor-element-bddce7a ha-has-bg-overlay elementor-widget elementor-widget-text-editor\" data-id=\"bddce7a\" data-element_type=\"widget\" data-widget_type=\"text-editor.default\">\n\t\t\t\t<div class=\"elementor-widget-container\">\n\t\t\t\t\t\t\t\t\t<h4><strong>24h fault clearance service<\/strong><\/h4><p>In today's digitalised world, the services of fault clearance specialists are more important than ever. They ensure that technical systems function smoothly and failures are quickly quickly, which is crucial for the efficiency and productivity of and productivity of companies.<\/p>\t\t\t\t\t\t\t\t<\/div>\n\t\t\t\t<\/div>\n\t\t\t\t\t<\/div>\n\t\t<\/div>\n\t\t\t\t<div class=\"elementor-column elementor-col-50 elementor-top-column elementor-element elementor-element-2459ea1 hover-scale-block\" data-id=\"2459ea1\" data-element_type=\"column\" data-settings=\"{&quot;background_background&quot;:&quot;classic&quot;}\">\n\t\t\t<div class=\"elementor-widget-wrap elementor-element-populated\">\n\t\t\t\t\t\t<div class=\"elementor-element elementor-element-d36e0aa ha-has-bg-overlay elementor-widget elementor-widget-text-editor\" data-id=\"d36e0aa\" data-element_type=\"widget\" data-widget_type=\"text-editor.default\">\n\t\t\t\t<div class=\"elementor-widget-container\">\n\t\t\t\t\t\t\t\t\tSERVICE\t\t\t\t\t\t\t\t<\/div>\n\t\t\t\t<\/div>\n\t\t\t\t<div class=\"elementor-element elementor-element-2b2babb hover-scale-image-block elementor-widget elementor-widget-image\" data-id=\"2b2babb\" data-element_type=\"widget\" data-widget_type=\"image.default\">\n\t\t\t\t<div class=\"elementor-widget-container\">\n\t\t\t\t\t\t\t\t\t\t\t\t\t\t\t<img decoding=\"async\" width=\"2560\" height=\"1310\" src=\"https:\/\/word-automation.com\/wp-content\/uploads\/2024\/03\/word3-scaled.jpg\" class=\"attachment-full size-full wp-image-1351\" alt=\"\" srcset=\"https:\/\/word-automation.com\/wp-content\/uploads\/2024\/03\/word3-scaled.jpg 2560w, https:\/\/word-automation.com\/wp-content\/uploads\/2024\/03\/word3-300x154.jpg 300w, https:\/\/word-automation.com\/wp-content\/uploads\/2024\/03\/word3-1024x524.jpg 1024w, https:\/\/word-automation.com\/wp-content\/uploads\/2024\/03\/word3-768x393.jpg 768w, https:\/\/word-automation.com\/wp-content\/uploads\/2024\/03\/word3-1536x786.jpg 1536w, https:\/\/word-automation.com\/wp-content\/uploads\/2024\/03\/word3-2048x1048.jpg 2048w, https:\/\/word-automation.com\/wp-content\/uploads\/2024\/03\/word3-18x9.jpg 18w\" sizes=\"(max-width: 2560px) 100vw, 2560px\" \/>\t\t\t\t\t\t\t\t\t\t\t\t\t\t\t<\/div>\n\t\t\t\t<\/div>\n\t\t\t\t<div class=\"elementor-element elementor-element-fe29b20 ha-has-bg-overlay elementor-widget elementor-widget-text-editor\" data-id=\"fe29b20\" data-element_type=\"widget\" data-widget_type=\"text-editor.default\">\n\t\t\t\t<div class=\"elementor-widget-container\">\n\t\t\t\t\t\t\t\t\t<h4><strong>Remote maintenance<\/strong><\/h4><p>Remote maintenance is an increasingly important aspect of industrial and building building automation in order to maintain programmable logic controllers (PLCs) and connected peripheral devices such as operator interfaces (OITs) and human machine Machine Interfaces (HMIs).<\/p>\t\t\t\t\t\t\t\t<\/div>\n\t\t\t\t<\/div>\n\t\t\t\t\t<\/div>\n\t\t<\/div>\n\t\t\t\t\t<\/div>\n\t\t<\/section>\n\t\t\t\t<section class=\"elementor-section elementor-top-section elementor-element elementor-element-a1239fe elementor-section-boxed elementor-section-height-default elementor-section-height-default\" data-id=\"a1239fe\" data-element_type=\"section\" data-settings=\"{&quot;_ha_eqh_enable&quot;:false}\">\n\t\t\t\t\t\t<div class=\"elementor-container elementor-column-gap-default\">\n\t\t\t\t\t<div class=\"elementor-column elementor-col-50 elementor-top-column elementor-element elementor-element-8f34610 hover-scale-block\" data-id=\"8f34610\" data-element_type=\"column\" data-settings=\"{&quot;background_background&quot;:&quot;classic&quot;}\">\n\t\t\t<div class=\"elementor-widget-wrap elementor-element-populated\">\n\t\t\t\t\t\t<div class=\"elementor-element elementor-element-072fac5 ha-has-bg-overlay elementor-widget elementor-widget-text-editor\" data-id=\"072fac5\" data-element_type=\"widget\" data-widget_type=\"text-editor.default\">\n\t\t\t\t<div class=\"elementor-widget-container\">\n\t\t\t\t\t\t\t\t\tSERVICE\t\t\t\t\t\t\t\t<\/div>\n\t\t\t\t<\/div>\n\t\t\t\t<div class=\"elementor-element elementor-element-e49d84d hover-scale-image-block elementor-widget elementor-widget-image\" data-id=\"e49d84d\" data-element_type=\"widget\" data-widget_type=\"image.default\">\n\t\t\t\t<div class=\"elementor-widget-container\">\n\t\t\t\t\t\t\t\t\t\t\t\t\t\t\t<img decoding=\"async\" width=\"2560\" height=\"1310\" src=\"https:\/\/word-automation.com\/wp-content\/uploads\/2024\/03\/word4-scaled.jpg\" class=\"attachment-full size-full wp-image-1353\" alt=\"\" srcset=\"https:\/\/word-automation.com\/wp-content\/uploads\/2024\/03\/word4-scaled.jpg 2560w, https:\/\/word-automation.com\/wp-content\/uploads\/2024\/03\/word4-300x154.jpg 300w, https:\/\/word-automation.com\/wp-content\/uploads\/2024\/03\/word4-1024x524.jpg 1024w, https:\/\/word-automation.com\/wp-content\/uploads\/2024\/03\/word4-768x393.jpg 768w, https:\/\/word-automation.com\/wp-content\/uploads\/2024\/03\/word4-1536x786.jpg 1536w, https:\/\/word-automation.com\/wp-content\/uploads\/2024\/03\/word4-2048x1048.jpg 2048w, https:\/\/word-automation.com\/wp-content\/uploads\/2024\/03\/word4-18x9.jpg 18w\" sizes=\"(max-width: 2560px) 100vw, 2560px\" \/>\t\t\t\t\t\t\t\t\t\t\t\t\t\t\t<\/div>\n\t\t\t\t<\/div>\n\t\t\t\t<div class=\"elementor-element elementor-element-7dd17b3 ha-has-bg-overlay elementor-widget elementor-widget-text-editor\" data-id=\"7dd17b3\" data-element_type=\"widget\" data-widget_type=\"text-editor.default\">\n\t\t\t\t<div class=\"elementor-widget-container\">\n\t\t\t\t\t\t\t\t\t<h4><strong>Telephone counselling<\/strong><\/h4><p>Expert advice in every phase of your project: After an initial analysis of your analyse your requirements, we will provide you with specific suggestions for the realisation and selection of suitable solutions. On request, we will a detailed realisation concept that sets out your exact requirements.<\/p>\t\t\t\t\t\t\t\t<\/div>\n\t\t\t\t<\/div>\n\t\t\t\t\t<\/div>\n\t\t<\/div>\n\t\t\t\t<div class=\"elementor-column elementor-col-50 elementor-top-column elementor-element elementor-element-f22224d\" data-id=\"f22224d\" data-element_type=\"column\">\n\t\t\t<div class=\"elementor-widget-wrap\">\n\t\t\t\t\t\t\t<\/div>\n\t\t<\/div>\n\t\t\t\t\t<\/div>\n\t\t<\/section>\n\t\t\t\t<section class=\"elementor-section elementor-top-section elementor-element elementor-element-3725a54 elementor-section-boxed elementor-section-height-default elementor-section-height-default\" data-id=\"3725a54\" data-element_type=\"section\" data-settings=\"{&quot;background_background&quot;:&quot;classic&quot;,&quot;_ha_eqh_enable&quot;:false}\">\n\t\t\t\t\t\t\t<div class=\"elementor-background-overlay\"><\/div>\n\t\t\t\t\t\t\t<div class=\"elementor-container elementor-column-gap-default\">\n\t\t\t\t\t<div class=\"elementor-column elementor-col-100 elementor-top-column elementor-element elementor-element-3654688\" data-id=\"3654688\" data-element_type=\"column\">\n\t\t\t<div class=\"elementor-widget-wrap elementor-element-populated\">\n\t\t\t\t\t\t<div class=\"elementor-element elementor-element-f09413e elementor-widget elementor-widget-spacer\" data-id=\"f09413e\" data-element_type=\"widget\" data-widget_type=\"spacer.default\">\n\t\t\t\t<div class=\"elementor-widget-container\">\n\t\t\t\t\t\t\t<div class=\"elementor-spacer\">\n\t\t\t<div class=\"elementor-spacer-inner\"><\/div>\n\t\t<\/div>\n\t\t\t\t\t\t<\/div>\n\t\t\t\t<\/div>\n\t\t\t\t<div class=\"elementor-element elementor-element-9a64e1e elementor-widget elementor-widget-text-editor\" data-id=\"9a64e1e\" data-element_type=\"widget\" data-widget_type=\"text-editor.default\">\n\t\t\t\t<div class=\"elementor-widget-container\">\n\t\t\t\t\t\t\t\t\t<p>Efficient production processes require speed, reliability and professionalism. This also applies to our service for support for your machines and systems over their entire life cycle life cycle, these characteristics are also crucial. Our job is to solve problems.<\/p>\t\t\t\t\t\t\t\t<\/div>\n\t\t\t\t<\/div>\n\t\t\t\t<div class=\"elementor-element elementor-element-42b8180 elementor-align-left elementor-widget__width-initial elementor-widget elementor-widget-button\" data-id=\"42b8180\" data-element_type=\"widget\" data-widget_type=\"button.default\">\n\t\t\t\t<div class=\"elementor-widget-container\">\n\t\t\t\t\t\t\t\t\t<div class=\"elementor-button-wrapper\">\n\t\t\t\t\t<a class=\"elementor-button elementor-button-link elementor-size-md elementor-animation-grow\" href=\"\/en\/kontakt\/\">\n\t\t\t\t\t\t<span class=\"elementor-button-content-wrapper\">\n\t\t\t\t\t\t\t\t\t<span class=\"elementor-button-text\">CONTACT US<\/span>\n\t\t\t\t\t<\/span>\n\t\t\t\t\t<\/a>\n\t\t\t\t<\/div>\n\t\t\t\t\t\t\t\t<\/div>\n\t\t\t\t<\/div>\n\t\t\t\t<div class=\"elementor-element elementor-element-373ba85 elementor-widget elementor-widget-spacer\" data-id=\"373ba85\" data-element_type=\"widget\" data-widget_type=\"spacer.default\">\n\t\t\t\t<div class=\"elementor-widget-container\">\n\t\t\t\t\t\t\t<div class=\"elementor-spacer\">\n\t\t\t<div class=\"elementor-spacer-inner\"><\/div>\n\t\t<\/div>\n\t\t\t\t\t\t<\/div>\n\t\t\t\t<\/div>\n\t\t\t\t\t<\/div>\n\t\t<\/div>\n\t\t\t\t\t<\/div>\n\t\t<\/section>\n\t\t\t\t<\/div>","protected":false},"excerpt":{"rendered":"<p>Service Word Automation ist gerne jederzeit f\u00fcr Sie da: Bei kleineren oder gr\u00f6\u00dferen Problemen k\u00f6nnen Sie gerne unseren Support beanspruchen Der Support-Service umfasst Nat\u00fcrlich besch\u00e4ftigen wir uns mit einer komplexen Materie, wo es hier oder da immer mal wieder haken kann. Gleichzeitig ist es aber auch ungemein wichtig, dass genau solche Anliegen nicht nur schnell, [&hellip;]<\/p>","protected":false},"author":1,"featured_media":0,"parent":0,"menu_order":0,"comment_status":"closed","ping_status":"closed","template":"elementor_header_footer","meta":{"footnotes":""},"class_list":["post-196","page","type-page","status-publish","hentry"],"_links":{"self":[{"href":"https:\/\/word-automation.com\/en\/wp-json\/wp\/v2\/pages\/196","targetHints":{"allow":["GET"]}}],"collection":[{"href":"https:\/\/word-automation.com\/en\/wp-json\/wp\/v2\/pages"}],"about":[{"href":"https:\/\/word-automation.com\/en\/wp-json\/wp\/v2\/types\/page"}],"author":[{"embeddable":true,"href":"https:\/\/word-automation.com\/en\/wp-json\/wp\/v2\/users\/1"}],"replies":[{"embeddable":true,"href":"https:\/\/word-automation.com\/en\/wp-json\/wp\/v2\/comments?post=196"}],"version-history":[{"count":130,"href":"https:\/\/word-automation.com\/en\/wp-json\/wp\/v2\/pages\/196\/revisions"}],"predecessor-version":[{"id":2247,"href":"https:\/\/word-automation.com\/en\/wp-json\/wp\/v2\/pages\/196\/revisions\/2247"}],"wp:attachment":[{"href":"https:\/\/word-automation.com\/en\/wp-json\/wp\/v2\/media?parent=196"}],"curies":[{"name":"wp","href":"https:\/\/api.w.org\/{rel}","templated":true}]}}