{"id":301,"date":"2023-12-21T12:50:36","date_gmt":"2023-12-21T11:50:36","guid":{"rendered":"https:\/\/word.mondoit.de\/?page_id=301"},"modified":"2024-07-22T12:34:39","modified_gmt":"2024-07-22T10:34:39","slug":"unternehmen","status":"publish","type":"page","link":"https:\/\/word-automation.com\/en\/unternehmen\/","title":{"rendered":"Company"},"content":{"rendered":"<div data-elementor-type=\"wp-page\" data-elementor-id=\"301\" class=\"elementor elementor-301\" data-elementor-settings=\"{&quot;ha_cmc_init_switcher&quot;:&quot;no&quot;}\">\n\t\t\t\t\t\t<section class=\"elementor-section elementor-top-section elementor-element elementor-element-14d87ab elementor-section-boxed elementor-section-height-default elementor-section-height-default\" data-id=\"14d87ab\" data-element_type=\"section\" data-settings=\"{&quot;background_background&quot;:&quot;classic&quot;,&quot;_ha_eqh_enable&quot;:false}\">\n\t\t\t\t\t\t\t<div class=\"elementor-background-overlay\"><\/div>\n\t\t\t\t\t\t\t<div class=\"elementor-container elementor-column-gap-default\">\n\t\t\t\t\t<div class=\"elementor-column elementor-col-100 elementor-top-column elementor-element elementor-element-090bed3 elementor-invisible\" data-id=\"090bed3\" data-element_type=\"column\" data-settings=\"{&quot;animation&quot;:&quot;fadeIn&quot;}\">\n\t\t\t<div class=\"elementor-widget-wrap elementor-element-populated\">\n\t\t\t\t\t\t<div class=\"elementor-element elementor-element-14d7680 elementor-widget elementor-widget-heading\" data-id=\"14d7680\" data-element_type=\"widget\" data-widget_type=\"heading.default\">\n\t\t\t\t<div class=\"elementor-widget-container\">\n\t\t\t\t\t<h1 class=\"elementor-heading-title elementor-size-default\">Company<\/h1>\t\t\t\t<\/div>\n\t\t\t\t<\/div>\n\t\t\t\t<div class=\"elementor-element elementor-element-5ff315e elementor-widget elementor-widget-text-editor\" data-id=\"5ff315e\" data-element_type=\"widget\" data-widget_type=\"text-editor.default\">\n\t\t\t\t<div class=\"elementor-widget-container\">\n\t\t\t\t\t\t\t\t\t<p dir=\"auto\"><span data-font=\"font-montserrat\">We are constantly endeavouring to improve our knowledge and skills. improve. This is the only way we can keep pace with our customers' keep pace.<\/span><\/p>\t\t\t\t\t\t\t\t<\/div>\n\t\t\t\t<\/div>\n\t\t\t\t\t<\/div>\n\t\t<\/div>\n\t\t\t\t\t<\/div>\n\t\t<\/section>\n\t\t\t\t<section class=\"elementor-section elementor-top-section elementor-element elementor-element-85874aa elementor-section-boxed elementor-section-height-default elementor-section-height-default\" data-id=\"85874aa\" data-element_type=\"section\" data-settings=\"{&quot;background_background&quot;:&quot;classic&quot;,&quot;_ha_eqh_enable&quot;:false}\">\n\t\t\t\t\t\t\t<div class=\"elementor-background-overlay\"><\/div>\n\t\t\t\t\t\t\t<div class=\"elementor-container elementor-column-gap-default\">\n\t\t\t\t\t<div class=\"elementor-column elementor-col-100 elementor-top-column elementor-element elementor-element-db75931\" data-id=\"db75931\" data-element_type=\"column\">\n\t\t\t<div class=\"elementor-widget-wrap elementor-element-populated\">\n\t\t\t\t\t\t<div class=\"elementor-element elementor-element-9e6a39b elementor-widget elementor-widget-spacer\" data-id=\"9e6a39b\" data-element_type=\"widget\" data-widget_type=\"spacer.default\">\n\t\t\t\t<div class=\"elementor-widget-container\">\n\t\t\t\t\t\t\t<div class=\"elementor-spacer\">\n\t\t\t<div class=\"elementor-spacer-inner\"><\/div>\n\t\t<\/div>\n\t\t\t\t\t\t<\/div>\n\t\t\t\t<\/div>\n\t\t\t\t<div class=\"elementor-element elementor-element-2ad2c72 elementor-widget elementor-widget-elementskit-heading\" data-id=\"2ad2c72\" data-element_type=\"widget\" data-widget_type=\"elementskit-heading.default\">\n\t\t\t\t<div class=\"elementor-widget-container\">\n\t\t\t\t\t<div class=\"ekit-wid-con\" ><div class=\"ekit-heading elementskit-section-title-wraper text_center   ekit_heading_tablet-   ekit_heading_mobile-\"><h2 class=\"ekit-heading--title elementskit-section-title\">Culture of <span><span>Word Automation<\/span><\/span> contact.<\/h2><\/div><\/div>\t\t\t\t<\/div>\n\t\t\t\t<\/div>\n\t\t\t\t<div class=\"elementor-element elementor-element-c748b34 elementor-widget elementor-widget-text-editor\" data-id=\"c748b34\" data-element_type=\"widget\" data-widget_type=\"text-editor.default\">\n\t\t\t\t<div class=\"elementor-widget-container\">\n\t\t\t\t\t\t\t\t\t<p dir=\"auto\"><span data-font=\"font-montserrat\">We need appropriate and calculated development in order to become become more <\/span><span data-font=\"font-montserrat\">efficient, faster, stronger and bigger.<\/span><\/p>\t\t\t\t\t\t\t\t<\/div>\n\t\t\t\t<\/div>\n\t\t\t\t<section class=\"elementor-section elementor-inner-section elementor-element elementor-element-2a23dda elementor-section-boxed elementor-section-height-default elementor-section-height-default\" data-id=\"2a23dda\" data-element_type=\"section\" data-settings=\"{&quot;_ha_eqh_enable&quot;:false}\">\n\t\t\t\t\t\t<div class=\"elementor-container elementor-column-gap-default\">\n\t\t\t\t\t<div class=\"elementor-column elementor-col-100 elementor-inner-column elementor-element elementor-element-2c89a0a\" data-id=\"2c89a0a\" data-element_type=\"column\">\n\t\t\t<div class=\"elementor-widget-wrap elementor-element-populated\">\n\t\t\t\t\t\t<div class=\"elementor-element elementor-element-e8b9ce8 elementor-widget elementor-widget-image\" data-id=\"e8b9ce8\" data-element_type=\"widget\" data-widget_type=\"image.default\">\n\t\t\t\t<div class=\"elementor-widget-container\">\n\t\t\t\t\t\t\t\t\t\t\t\t\t\t\t<img decoding=\"async\" width=\"172\" height=\"162\" src=\"https:\/\/word-automation.com\/wp-content\/uploads\/2023\/12\/icon97.webp\" class=\"attachment-full size-full wp-image-36\" alt=\"\" \/>\t\t\t\t\t\t\t\t\t\t\t\t\t\t\t<\/div>\n\t\t\t\t<\/div>\n\t\t\t\t<div class=\"elementor-element elementor-element-5611c92 elementor-widget elementor-widget-icon-box\" data-id=\"5611c92\" data-element_type=\"widget\" data-widget_type=\"icon-box.default\">\n\t\t\t\t<div class=\"elementor-widget-container\">\n\t\t\t\t\t\t\t<div class=\"elementor-icon-box-wrapper\">\n\n\t\t\t\n\t\t\t\t\t\t<div class=\"elementor-icon-box-content\">\n\n\t\t\t\t\t\t\t\t\t<h3 class=\"elementor-icon-box-title\">\n\t\t\t\t\t\t<span  >\n\t\t\t\t\t\t\tOUR VISION\t\t\t\t\t\t<\/span>\n\t\t\t\t\t<\/h3>\n\t\t\t\t\n\t\t\t\t\t\t\t\t\t<p class=\"elementor-icon-box-description\">\n\t\t\t\t\t\tOur goal is to serve our customers through a shared passion for for technology and a corporate culture based on the continuous culture based on the continuous development and refinement of our and refinement of our skills. Our vision is to be a software company that creates and maintains the highest value of our customers and and employees.\t\t\t\t\t<\/p>\n\t\t\t\t\n\t\t\t<\/div>\n\t\t\t\n\t\t<\/div>\n\t\t\t\t\t\t<\/div>\n\t\t\t\t<\/div>\n\t\t\t\t<div class=\"elementor-element elementor-element-d280f9e elementor-widget elementor-widget-spacer\" data-id=\"d280f9e\" data-element_type=\"widget\" data-widget_type=\"spacer.default\">\n\t\t\t\t<div class=\"elementor-widget-container\">\n\t\t\t\t\t\t\t<div class=\"elementor-spacer\">\n\t\t\t<div class=\"elementor-spacer-inner\"><\/div>\n\t\t<\/div>\n\t\t\t\t\t\t<\/div>\n\t\t\t\t<\/div>\n\t\t\t\t<div class=\"elementor-element elementor-element-53038c4 elementor-widget elementor-widget-image\" data-id=\"53038c4\" data-element_type=\"widget\" data-widget_type=\"image.default\">\n\t\t\t\t<div class=\"elementor-widget-container\">\n\t\t\t\t\t\t\t\t\t\t\t\t\t\t\t<img decoding=\"async\" width=\"172\" height=\"162\" src=\"https:\/\/word-automation.com\/wp-content\/uploads\/2023\/12\/icon98.webp\" class=\"attachment-full size-full wp-image-37\" alt=\"\" \/>\t\t\t\t\t\t\t\t\t\t\t\t\t\t\t<\/div>\n\t\t\t\t<\/div>\n\t\t\t\t<div class=\"elementor-element elementor-element-9de99fd elementor-widget elementor-widget-icon-box\" data-id=\"9de99fd\" data-element_type=\"widget\" data-widget_type=\"icon-box.default\">\n\t\t\t\t<div class=\"elementor-widget-container\">\n\t\t\t\t\t\t\t<div class=\"elementor-icon-box-wrapper\">\n\n\t\t\t\n\t\t\t\t\t\t<div class=\"elementor-icon-box-content\">\n\n\t\t\t\t\t\t\t\t\t<h3 class=\"elementor-icon-box-title\">\n\t\t\t\t\t\t<span  >\n\t\t\t\t\t\t\tOUR FOCUS\t\t\t\t\t\t<\/span>\n\t\t\t\t\t<\/h3>\n\t\t\t\t\n\t\t\t\t\t\t\t\t\t<p class=\"elementor-icon-box-description\">\n\t\t\t\t\t\tEvery project, every customer is very important to us. The concentration and attention we give to each customer is the maximum maximum we can offer.\t\t\t\t\t<\/p>\n\t\t\t\t\n\t\t\t<\/div>\n\t\t\t\n\t\t<\/div>\n\t\t\t\t\t\t<\/div>\n\t\t\t\t<\/div>\n\t\t\t\t<div class=\"elementor-element elementor-element-4b7921e elementor-widget elementor-widget-spacer\" data-id=\"4b7921e\" data-element_type=\"widget\" data-widget_type=\"spacer.default\">\n\t\t\t\t<div class=\"elementor-widget-container\">\n\t\t\t\t\t\t\t<div class=\"elementor-spacer\">\n\t\t\t<div class=\"elementor-spacer-inner\"><\/div>\n\t\t<\/div>\n\t\t\t\t\t\t<\/div>\n\t\t\t\t<\/div>\n\t\t\t\t<div class=\"elementor-element elementor-element-2334c24 elementor-widget elementor-widget-image\" data-id=\"2334c24\" data-element_type=\"widget\" data-widget_type=\"image.default\">\n\t\t\t\t<div class=\"elementor-widget-container\">\n\t\t\t\t\t\t\t\t\t\t\t\t\t\t\t<img decoding=\"async\" width=\"172\" height=\"162\" src=\"https:\/\/word-automation.com\/wp-content\/uploads\/2023\/12\/icon96.webp\" class=\"attachment-full size-full wp-image-35\" alt=\"\" \/>\t\t\t\t\t\t\t\t\t\t\t\t\t\t\t<\/div>\n\t\t\t\t<\/div>\n\t\t\t\t<div class=\"elementor-element elementor-element-bb09e48 elementor-widget elementor-widget-icon-box\" data-id=\"bb09e48\" data-element_type=\"widget\" data-widget_type=\"icon-box.default\">\n\t\t\t\t<div class=\"elementor-widget-container\">\n\t\t\t\t\t\t\t<div class=\"elementor-icon-box-wrapper\">\n\n\t\t\t\n\t\t\t\t\t\t<div class=\"elementor-icon-box-content\">\n\n\t\t\t\t\t\t\t\t\t<h3 class=\"elementor-icon-box-title\">\n\t\t\t\t\t\t<span  >\n\t\t\t\t\t\t\tOUR TASK\t\t\t\t\t\t<\/span>\n\t\t\t\t\t<\/h3>\n\t\t\t\t\n\t\t\t\t\t\t\t\t\t<p class=\"elementor-icon-box-description\">\n\t\t\t\t\t\tWe are aware that we do not know everything, but that we can through constant learning and the support of experts and constructive constructive advice we receive, we endeavour to improve ourselves in order to improve in order to fulfil our work and our responsibilities as well as possible.\t\t\t\t\t<\/p>\n\t\t\t\t\n\t\t\t<\/div>\n\t\t\t\n\t\t<\/div>\n\t\t\t\t\t\t<\/div>\n\t\t\t\t<\/div>\n\t\t\t\t\t<\/div>\n\t\t<\/div>\n\t\t\t\t\t<\/div>\n\t\t<\/section>\n\t\t\t\t\t<\/div>\n\t\t<\/div>\n\t\t\t\t\t<\/div>\n\t\t<\/section>\n\t\t\t\t<section class=\"elementor-section elementor-top-section elementor-element elementor-element-eb9d57a elementor-section-boxed elementor-section-height-default elementor-section-height-default\" data-id=\"eb9d57a\" data-element_type=\"section\" data-settings=\"{&quot;background_background&quot;:&quot;classic&quot;,&quot;_ha_eqh_enable&quot;:false}\">\n\t\t\t\t\t\t\t<div class=\"elementor-background-overlay\"><\/div>\n\t\t\t\t\t\t\t<div class=\"elementor-container elementor-column-gap-default\">\n\t\t\t\t\t<div class=\"elementor-column elementor-col-100 elementor-top-column elementor-element elementor-element-17516be\" data-id=\"17516be\" data-element_type=\"column\">\n\t\t\t<div class=\"elementor-widget-wrap elementor-element-populated\">\n\t\t\t\t\t\t<div class=\"elementor-element elementor-element-0cb159e elementor-widget elementor-widget-spacer\" data-id=\"0cb159e\" data-element_type=\"widget\" data-widget_type=\"spacer.default\">\n\t\t\t\t<div class=\"elementor-widget-container\">\n\t\t\t\t\t\t\t<div class=\"elementor-spacer\">\n\t\t\t<div class=\"elementor-spacer-inner\"><\/div>\n\t\t<\/div>\n\t\t\t\t\t\t<\/div>\n\t\t\t\t<\/div>\n\t\t\t\t<div class=\"elementor-element elementor-element-6762dcb elementor-widget elementor-widget-elementskit-heading\" data-id=\"6762dcb\" data-element_type=\"widget\" data-widget_type=\"elementskit-heading.default\">\n\t\t\t\t<div class=\"elementor-widget-container\">\n\t\t\t\t\t<div class=\"ekit-wid-con\" ><div class=\"ekit-heading elementskit-section-title-wraper text_center   ekit_heading_tablet-   ekit_heading_mobile-\"><h2 class=\"ekit-heading--title elementskit-section-title\">Culture of <span><span>Word Automation<\/span><\/span><\/h2><\/div><\/div>\t\t\t\t<\/div>\n\t\t\t\t<\/div>\n\t\t\t\t<section class=\"elementor-section elementor-inner-section elementor-element elementor-element-775a4e9 elementor-section-boxed elementor-section-height-default elementor-section-height-default\" data-id=\"775a4e9\" data-element_type=\"section\" data-settings=\"{&quot;_ha_eqh_enable&quot;:false}\">\n\t\t\t\t\t\t<div class=\"elementor-container elementor-column-gap-default\">\n\t\t\t\t\t<div class=\"elementor-column elementor-col-50 elementor-inner-column elementor-element elementor-element-8ee8c03\" data-id=\"8ee8c03\" data-element_type=\"column\">\n\t\t\t<div class=\"elementor-widget-wrap elementor-element-populated\">\n\t\t\t\t\t\t<div class=\"elementor-element elementor-element-10ad87d elementor-widget elementor-widget-image\" data-id=\"10ad87d\" data-element_type=\"widget\" data-widget_type=\"image.default\">\n\t\t\t\t<div class=\"elementor-widget-container\">\n\t\t\t\t\t\t\t\t\t\t\t\t\t\t\t<img loading=\"lazy\" decoding=\"async\" width=\"1487\" height=\"942\" src=\"https:\/\/word-automation.com\/wp-content\/uploads\/2023\/12\/Image-Pasted-2023-27-11-at-13.20.14.png\" class=\"attachment-full size-full wp-image-48\" alt=\"\" srcset=\"https:\/\/word-automation.com\/wp-content\/uploads\/2023\/12\/Image-Pasted-2023-27-11-at-13.20.14.png 1487w, https:\/\/word-automation.com\/wp-content\/uploads\/2023\/12\/Image-Pasted-2023-27-11-at-13.20.14-300x190.png 300w, https:\/\/word-automation.com\/wp-content\/uploads\/2023\/12\/Image-Pasted-2023-27-11-at-13.20.14-1024x649.png 1024w, https:\/\/word-automation.com\/wp-content\/uploads\/2023\/12\/Image-Pasted-2023-27-11-at-13.20.14-768x487.png 768w\" sizes=\"(max-width: 1487px) 100vw, 1487px\" \/>\t\t\t\t\t\t\t\t\t\t\t\t\t\t\t<\/div>\n\t\t\t\t<\/div>\n\t\t\t\t\t<\/div>\n\t\t<\/div>\n\t\t\t\t<div class=\"elementor-column elementor-col-50 elementor-inner-column elementor-element elementor-element-8aa1e9e\" data-id=\"8aa1e9e\" data-element_type=\"column\">\n\t\t\t<div class=\"elementor-widget-wrap elementor-element-populated\">\n\t\t\t\t\t\t<div class=\"elementor-element elementor-element-1d29994 elementor-widget elementor-widget-text-editor\" data-id=\"1d29994\" data-element_type=\"widget\" data-widget_type=\"text-editor.default\">\n\t\t\t\t<div class=\"elementor-widget-container\">\n\t\t\t\t\t\t\t\t\t<p dir=\"auto\"><span data-font=\"font-montserrat\">If you want to be successful in today's world, you have to continuous development. This <\/span><span data-font=\"font-montserrat\">was the guiding principle when we founded\nof the company Word-Automation . We are a <\/span><span data-font=\"font-montserrat\">young company, but we have extensive technical experience in <\/span><span data-font=\"font-montserrat\">the field of automation of industrial processes. We develop our solutions for <\/span><span data-font=\"font-montserrat\">industry in consultation with you and your goals.<\/span><\/p>\t\t\t\t\t\t\t\t<\/div>\n\t\t\t\t<\/div>\n\t\t\t\t\t<\/div>\n\t\t<\/div>\n\t\t\t\t\t<\/div>\n\t\t<\/section>\n\t\t\t\t<section class=\"elementor-section elementor-inner-section elementor-element elementor-element-5a6a298 elementor-section-boxed elementor-section-height-default elementor-section-height-default\" data-id=\"5a6a298\" data-element_type=\"section\" data-settings=\"{&quot;_ha_eqh_enable&quot;:false}\">\n\t\t\t\t\t\t<div class=\"elementor-container elementor-column-gap-default\">\n\t\t\t\t\t<div class=\"elementor-column elementor-col-50 elementor-inner-column elementor-element elementor-element-3f4c76b\" data-id=\"3f4c76b\" data-element_type=\"column\">\n\t\t\t<div class=\"elementor-widget-wrap elementor-element-populated\">\n\t\t\t\t\t\t<div class=\"elementor-element elementor-element-bec09ea elementor-widget elementor-widget-text-editor\" data-id=\"bec09ea\" data-element_type=\"widget\" data-widget_type=\"text-editor.default\">\n\t\t\t\t<div class=\"elementor-widget-container\">\n\t\t\t\t\t\t\t\t\t<p dir=\"auto\"><span data-font=\"font-montserrat\">Our advantage over the competition is that all our employees <\/span><span data-font=\"font-montserrat\">are employees are automation engineers with practical experience. <\/span><span data-font=\"font-montserrat\">They receive regular training. For this is why we are regarded as the best, most professional and reputable partner in <\/span><span data-font=\"font-montserrat\">our industry for developing and realising complex projects!<\/span><\/p>\t\t\t\t\t\t\t\t<\/div>\n\t\t\t\t<\/div>\n\t\t\t\t\t<\/div>\n\t\t<\/div>\n\t\t\t\t<div class=\"elementor-column elementor-col-50 elementor-inner-column elementor-element elementor-element-0c62aee\" data-id=\"0c62aee\" data-element_type=\"column\">\n\t\t\t<div class=\"elementor-widget-wrap elementor-element-populated\">\n\t\t\t\t\t\t<div class=\"elementor-element elementor-element-0c79be8 elementor-widget elementor-widget-image\" data-id=\"0c79be8\" data-element_type=\"widget\" data-widget_type=\"image.default\">\n\t\t\t\t<div class=\"elementor-widget-container\">\n\t\t\t\t\t\t\t\t\t\t\t\t\t\t\t<img loading=\"lazy\" decoding=\"async\" width=\"1488\" height=\"923\" src=\"https:\/\/word-automation.com\/wp-content\/uploads\/2023\/12\/Image-Pasted-2023-27-11-at-13.20.53.png\" class=\"attachment-full size-full wp-image-50\" alt=\"\" srcset=\"https:\/\/word-automation.com\/wp-content\/uploads\/2023\/12\/Image-Pasted-2023-27-11-at-13.20.53.png 1488w, https:\/\/word-automation.com\/wp-content\/uploads\/2023\/12\/Image-Pasted-2023-27-11-at-13.20.53-300x186.png 300w, https:\/\/word-automation.com\/wp-content\/uploads\/2023\/12\/Image-Pasted-2023-27-11-at-13.20.53-1024x635.png 1024w, https:\/\/word-automation.com\/wp-content\/uploads\/2023\/12\/Image-Pasted-2023-27-11-at-13.20.53-768x476.png 768w\" sizes=\"(max-width: 1488px) 100vw, 1488px\" \/>\t\t\t\t\t\t\t\t\t\t\t\t\t\t\t<\/div>\n\t\t\t\t<\/div>\n\t\t\t\t\t<\/div>\n\t\t<\/div>\n\t\t\t\t\t<\/div>\n\t\t<\/section>\n\t\t\t\t\t<\/div>\n\t\t<\/div>\n\t\t\t\t\t<\/div>\n\t\t<\/section>\n\t\t\t\t<section class=\"elementor-section elementor-top-section elementor-element elementor-element-3725a54 elementor-section-boxed elementor-section-height-default elementor-section-height-default\" data-id=\"3725a54\" data-element_type=\"section\" data-settings=\"{&quot;background_background&quot;:&quot;classic&quot;,&quot;_ha_eqh_enable&quot;:false}\">\n\t\t\t\t\t\t\t<div class=\"elementor-background-overlay\"><\/div>\n\t\t\t\t\t\t\t<div class=\"elementor-container elementor-column-gap-default\">\n\t\t\t\t\t<div class=\"elementor-column elementor-col-100 elementor-top-column elementor-element elementor-element-3654688\" data-id=\"3654688\" data-element_type=\"column\">\n\t\t\t<div class=\"elementor-widget-wrap elementor-element-populated\">\n\t\t\t\t\t\t<div class=\"elementor-element elementor-element-6f41b7d elementor-widget elementor-widget-spacer\" data-id=\"6f41b7d\" data-element_type=\"widget\" data-widget_type=\"spacer.default\">\n\t\t\t\t<div class=\"elementor-widget-container\">\n\t\t\t\t\t\t\t<div class=\"elementor-spacer\">\n\t\t\t<div class=\"elementor-spacer-inner\"><\/div>\n\t\t<\/div>\n\t\t\t\t\t\t<\/div>\n\t\t\t\t<\/div>\n\t\t\t\t<div class=\"elementor-element elementor-element-9a64e1e elementor-widget elementor-widget-text-editor\" data-id=\"9a64e1e\" data-element_type=\"widget\" data-widget_type=\"text-editor.default\">\n\t\t\t\t<div class=\"elementor-widget-container\">\n\t\t\t\t\t\t\t\t\t<p dir=\"auto\"><span data-font=\"font-montserrat\">We convince through performance and our customers are part of this part of this success! Get in touch <\/span><span data-font=\"font-montserrat\">with us. Let us convince you.<\/span><\/p>\t\t\t\t\t\t\t\t<\/div>\n\t\t\t\t<\/div>\n\t\t\t\t<div class=\"elementor-element elementor-element-42b8180 elementor-align-left elementor-widget__width-initial elementor-widget elementor-widget-button\" data-id=\"42b8180\" data-element_type=\"widget\" data-widget_type=\"button.default\">\n\t\t\t\t<div class=\"elementor-widget-container\">\n\t\t\t\t\t\t\t\t\t<div class=\"elementor-button-wrapper\">\n\t\t\t\t\t<a class=\"elementor-button elementor-button-link elementor-size-md elementor-animation-grow\" href=\"\/en\/kontakt\/\">\n\t\t\t\t\t\t<span class=\"elementor-button-content-wrapper\">\n\t\t\t\t\t\t\t\t\t<span class=\"elementor-button-text\">CONTACT US<\/span>\n\t\t\t\t\t<\/span>\n\t\t\t\t\t<\/a>\n\t\t\t\t<\/div>\n\t\t\t\t\t\t\t\t<\/div>\n\t\t\t\t<\/div>\n\t\t\t\t<div class=\"elementor-element elementor-element-f09413e elementor-widget elementor-widget-spacer\" data-id=\"f09413e\" data-element_type=\"widget\" data-widget_type=\"spacer.default\">\n\t\t\t\t<div class=\"elementor-widget-container\">\n\t\t\t\t\t\t\t<div class=\"elementor-spacer\">\n\t\t\t<div class=\"elementor-spacer-inner\"><\/div>\n\t\t<\/div>\n\t\t\t\t\t\t<\/div>\n\t\t\t\t<\/div>\n\t\t\t\t\t<\/div>\n\t\t<\/div>\n\t\t\t\t\t<\/div>\n\t\t<\/section>\n\t\t\t\t<\/div>","protected":false},"excerpt":{"rendered":"<p>Unternehmen Wir sind bestrebt, unser Wissen und unsere F\u00e4higkeiten st\u00e4ndig zu verbessern. Nur so k\u00f6nnen wir mit den Anforderungen unserer Kunden Schritt halten. Kultur der Word Automation kontaktieren. Wir brauchen eine angemessene und kalkulierte Entwicklung, um effizienter, schneller, st\u00e4rker und gr\u00f6\u00dfer zu werden. Unsere Vision Unser Ziel ist es, unseren Kunden durch eine gemeinsame Leidenschaft [&hellip;]<\/p>","protected":false},"author":1,"featured_media":0,"parent":0,"menu_order":0,"comment_status":"closed","ping_status":"closed","template":"elementor_header_footer","meta":{"footnotes":""},"class_list":["post-301","page","type-page","status-publish","hentry"],"_links":{"self":[{"href":"https:\/\/word-automation.com\/en\/wp-json\/wp\/v2\/pages\/301","targetHints":{"allow":["GET"]}}],"collection":[{"href":"https:\/\/word-automation.com\/en\/wp-json\/wp\/v2\/pages"}],"about":[{"href":"https:\/\/word-automation.com\/en\/wp-json\/wp\/v2\/types\/page"}],"author":[{"embeddable":true,"href":"https:\/\/word-automation.com\/en\/wp-json\/wp\/v2\/users\/1"}],"replies":[{"embeddable":true,"href":"https:\/\/word-automation.com\/en\/wp-json\/wp\/v2\/comments?post=301"}],"version-history":[{"count":76,"href":"https:\/\/word-automation.com\/en\/wp-json\/wp\/v2\/pages\/301\/revisions"}],"predecessor-version":[{"id":2370,"href":"https:\/\/word-automation.com\/en\/wp-json\/wp\/v2\/pages\/301\/revisions\/2370"}],"wp:attachment":[{"href":"https:\/\/word-automation.com\/en\/wp-json\/wp\/v2\/media?parent=301"}],"curies":[{"name":"wp","href":"https:\/\/api.w.org\/{rel}","templated":true}]}}