{"id":534,"date":"2024-01-26T12:10:28","date_gmt":"2024-01-26T11:10:28","guid":{"rendered":"https:\/\/word.mondoit.de\/?page_id=534"},"modified":"2024-05-03T13:04:04","modified_gmt":"2024-05-03T11:04:04","slug":"roboter-programmierung","status":"publish","type":"page","link":"https:\/\/word-automation.com\/en\/roboter-programmierung\/","title":{"rendered":"Robot programming"},"content":{"rendered":"<div data-elementor-type=\"wp-page\" data-elementor-id=\"534\" class=\"elementor elementor-534\" data-elementor-settings=\"{&quot;ha_cmc_init_switcher&quot;:&quot;no&quot;}\">\n\t\t\t\t\t\t<section class=\"elementor-section elementor-top-section elementor-element elementor-element-14d87ab elementor-section-boxed elementor-section-height-default elementor-section-height-default\" data-id=\"14d87ab\" data-element_type=\"section\" data-settings=\"{&quot;background_background&quot;:&quot;classic&quot;,&quot;_ha_eqh_enable&quot;:false}\">\n\t\t\t\t\t\t\t<div class=\"elementor-background-overlay\"><\/div>\n\t\t\t\t\t\t\t<div class=\"elementor-container elementor-column-gap-default\">\n\t\t\t\t\t<div class=\"elementor-column elementor-col-100 elementor-top-column elementor-element elementor-element-090bed3 elementor-invisible\" data-id=\"090bed3\" data-element_type=\"column\" data-settings=\"{&quot;animation&quot;:&quot;fadeIn&quot;}\">\n\t\t\t<div class=\"elementor-widget-wrap elementor-element-populated\">\n\t\t\t\t\t\t<div class=\"elementor-element elementor-element-14d7680 elementor-widget elementor-widget-heading\" data-id=\"14d7680\" data-element_type=\"widget\" data-widget_type=\"heading.default\">\n\t\t\t\t<div class=\"elementor-widget-container\">\n\t\t\t\t\t<h1 class=\"elementor-heading-title elementor-size-default\">Robot programming<\/h1>\t\t\t\t<\/div>\n\t\t\t\t<\/div>\n\t\t\t\t<div class=\"elementor-element elementor-element-5ff315e elementor-widget elementor-widget-text-editor\" data-id=\"5ff315e\" data-element_type=\"widget\" data-widget_type=\"text-editor.default\">\n\t\t\t\t<div class=\"elementor-widget-container\">\n\t\t\t\t\t\t\t\t\t<p><em data-font=\"font-montserrat\">\"We as a team support you with broad application experience and in-depth robot knowledge\"<\/em><span data-font=\"font-montserrat\">\u00a0<\/span><\/p>\t\t\t\t\t\t\t\t<\/div>\n\t\t\t\t<\/div>\n\t\t\t\t\t<\/div>\n\t\t<\/div>\n\t\t\t\t\t<\/div>\n\t\t<\/section>\n\t\t\t\t<section class=\"elementor-section elementor-top-section elementor-element elementor-element-6b35092 elementor-section-boxed elementor-section-height-default elementor-section-height-default\" data-id=\"6b35092\" data-element_type=\"section\" data-settings=\"{&quot;_ha_eqh_enable&quot;:false}\">\n\t\t\t\t\t\t<div class=\"elementor-container elementor-column-gap-default\">\n\t\t\t\t\t<div class=\"elementor-column elementor-col-100 elementor-top-column elementor-element elementor-element-71bf556\" data-id=\"71bf556\" data-element_type=\"column\">\n\t\t\t<div class=\"elementor-widget-wrap elementor-element-populated\">\n\t\t\t\t\t\t<div class=\"elementor-element elementor-element-54903e8 elementor-widget elementor-widget-spacer\" data-id=\"54903e8\" data-element_type=\"widget\" data-widget_type=\"spacer.default\">\n\t\t\t\t<div class=\"elementor-widget-container\">\n\t\t\t\t\t\t\t<div class=\"elementor-spacer\">\n\t\t\t<div class=\"elementor-spacer-inner\"><\/div>\n\t\t<\/div>\n\t\t\t\t\t\t<\/div>\n\t\t\t\t<\/div>\n\t\t\t\t\t<\/div>\n\t\t<\/div>\n\t\t\t\t\t<\/div>\n\t\t<\/section>\n\t\t\t\t<section class=\"elementor-section elementor-top-section elementor-element elementor-element-318bef6 elementor-section-boxed elementor-section-height-default elementor-section-height-default\" data-id=\"318bef6\" data-element_type=\"section\" data-settings=\"{&quot;_ha_eqh_enable&quot;:false}\">\n\t\t\t\t\t\t<div class=\"elementor-container elementor-column-gap-default\">\n\t\t\t\t\t<div class=\"elementor-column elementor-col-50 elementor-top-column elementor-element elementor-element-6b9d8d6\" data-id=\"6b9d8d6\" data-element_type=\"column\">\n\t\t\t<div class=\"elementor-widget-wrap elementor-element-populated\">\n\t\t\t\t\t\t<div class=\"elementor-element elementor-element-446b287 elementor-widget elementor-widget-image\" data-id=\"446b287\" data-element_type=\"widget\" data-widget_type=\"image.default\">\n\t\t\t\t<div class=\"elementor-widget-container\">\n\t\t\t\t\t\t\t\t\t\t\t\t\t\t\t<img fetchpriority=\"high\" decoding=\"async\" width=\"1200\" height=\"1200\" src=\"https:\/\/word-automation.com\/wp-content\/uploads\/2024\/01\/shutterstock_1324982345.png\" class=\"attachment-full size-full wp-image-540\" alt=\"\" srcset=\"https:\/\/word-automation.com\/wp-content\/uploads\/2024\/01\/shutterstock_1324982345.png 1200w, https:\/\/word-automation.com\/wp-content\/uploads\/2024\/01\/shutterstock_1324982345-300x300.png 300w, https:\/\/word-automation.com\/wp-content\/uploads\/2024\/01\/shutterstock_1324982345-1024x1024.png 1024w, https:\/\/word-automation.com\/wp-content\/uploads\/2024\/01\/shutterstock_1324982345-150x150.png 150w, https:\/\/word-automation.com\/wp-content\/uploads\/2024\/01\/shutterstock_1324982345-768x768.png 768w\" sizes=\"(max-width: 1200px) 100vw, 1200px\" \/>\t\t\t\t\t\t\t\t\t\t\t\t\t\t\t<\/div>\n\t\t\t\t<\/div>\n\t\t\t\t\t<\/div>\n\t\t<\/div>\n\t\t\t\t<div class=\"elementor-column elementor-col-50 elementor-top-column elementor-element elementor-element-7816327\" data-id=\"7816327\" data-element_type=\"column\">\n\t\t\t<div class=\"elementor-widget-wrap elementor-element-populated\">\n\t\t\t\t\t\t<div class=\"elementor-element elementor-element-6488947 elementor-widget elementor-widget-elementskit-heading\" data-id=\"6488947\" data-element_type=\"widget\" data-widget_type=\"elementskit-heading.default\">\n\t\t\t\t<div class=\"elementor-widget-container\">\n\t\t\t\t\t<div class=\"ekit-wid-con\" ><div class=\"ekit-heading elementskit-section-title-wraper text_left   ekit_heading_tablet-   ekit_heading_mobile-\"><h2 class=\"ekit-heading--title elementskit-section-title\">Online and offline <span><span>Robot programming<\/span><\/span><\/h2><\/div><\/div>\t\t\t\t<\/div>\n\t\t\t\t<\/div>\n\t\t\t\t<div class=\"elementor-element elementor-element-2e47219 elementor-widget elementor-widget-text-editor\" data-id=\"2e47219\" data-element_type=\"widget\" data-widget_type=\"text-editor.default\">\n\t\t\t\t<div class=\"elementor-widget-container\">\n\t\t\t\t\t\t\t\t\t<p dir=\"auto\"><span data-font=\"font-montserrat\">Efficient robot programming is a core competence of our company. We provide you with experienced and highly qualified robot programmers who will reliably realise the complex reliably realise the complex requirements of your project. <\/span><\/p><p dir=\"auto\"><span data-font=\"font-montserrat\">In doing so, we stand for maximum adherence to deadlines and quality. To this end we work together with the market leaders in the industry and react flexibly and flexibly and quickly to your needs. Of course we also offer We also offer commissioning in the field of robot programming, cycle time optimisation, process optimisation and quality optimisation of new and existing systems. <\/span><\/p>\t\t\t\t\t\t\t\t<\/div>\n\t\t\t\t<\/div>\n\t\t\t\t\t<\/div>\n\t\t<\/div>\n\t\t\t\t\t<\/div>\n\t\t<\/section>\n\t\t\t\t<section class=\"elementor-section elementor-top-section elementor-element elementor-element-94df3d2 elementor-section-boxed elementor-section-height-default elementor-section-height-default\" data-id=\"94df3d2\" data-element_type=\"section\" data-settings=\"{&quot;_ha_eqh_enable&quot;:false}\">\n\t\t\t\t\t\t<div class=\"elementor-container elementor-column-gap-default\">\n\t\t\t\t\t<div class=\"elementor-column elementor-col-50 elementor-top-column elementor-element elementor-element-f0a5925\" data-id=\"f0a5925\" data-element_type=\"column\">\n\t\t\t<div class=\"elementor-widget-wrap elementor-element-populated\">\n\t\t\t\t\t\t<div class=\"elementor-element elementor-element-bfffef0 elementor-widget elementor-widget-text-editor\" data-id=\"bfffef0\" data-element_type=\"widget\" data-widget_type=\"text-editor.default\">\n\t\t\t\t<div class=\"elementor-widget-container\">\n\t\t\t\t\t\t\t\t\t<p dir=\"auto\">We take over the complete programming of the robots according to the end customer's specifications, coordinate all requirements in advance, provide documentation, provide support until acceptance or provide targeted support the scope you require.<\/p>\t\t\t\t\t\t\t\t<\/div>\n\t\t\t\t<\/div>\n\t\t\t\t\t<\/div>\n\t\t<\/div>\n\t\t\t\t<div class=\"elementor-column elementor-col-50 elementor-top-column elementor-element elementor-element-110809b\" data-id=\"110809b\" data-element_type=\"column\">\n\t\t\t<div class=\"elementor-widget-wrap elementor-element-populated\">\n\t\t\t\t\t\t<div class=\"elementor-element elementor-element-c8aa2e9 elementor-widget elementor-widget-image\" data-id=\"c8aa2e9\" data-element_type=\"widget\" data-widget_type=\"image.default\">\n\t\t\t\t<div class=\"elementor-widget-container\">\n\t\t\t\t\t\t\t\t\t\t\t\t\t\t\t<img decoding=\"async\" width=\"924\" height=\"849\" src=\"https:\/\/word-automation.com\/wp-content\/uploads\/2024\/01\/ABB_Roboter_2-01.jpeg\" class=\"attachment-full size-full wp-image-538\" alt=\"\" srcset=\"https:\/\/word-automation.com\/wp-content\/uploads\/2024\/01\/ABB_Roboter_2-01.jpeg 924w, https:\/\/word-automation.com\/wp-content\/uploads\/2024\/01\/ABB_Roboter_2-01-300x276.jpeg 300w, https:\/\/word-automation.com\/wp-content\/uploads\/2024\/01\/ABB_Roboter_2-01-768x706.jpeg 768w\" sizes=\"(max-width: 924px) 100vw, 924px\" \/>\t\t\t\t\t\t\t\t\t\t\t\t\t\t\t<\/div>\n\t\t\t\t<\/div>\n\t\t\t\t\t<\/div>\n\t\t<\/div>\n\t\t\t\t\t<\/div>\n\t\t<\/section>\n\t\t\t\t<section class=\"elementor-section elementor-top-section elementor-element elementor-element-854716a elementor-section-boxed elementor-section-height-default elementor-section-height-default\" data-id=\"854716a\" data-element_type=\"section\" data-settings=\"{&quot;background_background&quot;:&quot;classic&quot;,&quot;_ha_eqh_enable&quot;:false}\">\n\t\t\t\t\t\t\t<div class=\"elementor-background-overlay\"><\/div>\n\t\t\t\t\t\t\t<div class=\"elementor-container elementor-column-gap-default\">\n\t\t\t\t\t<div class=\"elementor-column elementor-col-100 elementor-top-column elementor-element elementor-element-011d46e\" data-id=\"011d46e\" data-element_type=\"column\">\n\t\t\t<div class=\"elementor-widget-wrap elementor-element-populated\">\n\t\t\t\t\t\t<div class=\"elementor-element elementor-element-9a56246 elementor-widget elementor-widget-spacer\" data-id=\"9a56246\" data-element_type=\"widget\" data-widget_type=\"spacer.default\">\n\t\t\t\t<div class=\"elementor-widget-container\">\n\t\t\t\t\t\t\t<div class=\"elementor-spacer\">\n\t\t\t<div class=\"elementor-spacer-inner\"><\/div>\n\t\t<\/div>\n\t\t\t\t\t\t<\/div>\n\t\t\t\t<\/div>\n\t\t\t\t<div class=\"elementor-element elementor-element-8648728 ha-has-bg-overlay elementor-widget elementor-widget-text-editor\" data-id=\"8648728\" data-element_type=\"widget\" data-widget_type=\"text-editor.default\">\n\t\t\t\t<div class=\"elementor-widget-container\">\n\t\t\t\t\t\t\t\t\t<em>In general, you can expect the following from us as a service provider the following:\u00a0<\/em>\t\t\t\t\t\t\t\t<\/div>\n\t\t\t\t<\/div>\n\t\t\t\t<div class=\"elementor-element elementor-element-bddce7a ha-has-bg-overlay elementor-widget elementor-widget-text-editor\" data-id=\"bddce7a\" data-element_type=\"widget\" data-widget_type=\"text-editor.default\">\n\t\t\t\t<div class=\"elementor-widget-container\">\n\t\t\t\t\t\t\t\t\t<ul dir=\"auto\"><li><span data-font=\"font-montserrat\">Your industrial robots will be programmed by us in a competent, structured, quick and comprehensibly programmed. <\/span><\/li><li><span data-font=\"font-montserrat\">Consistent and clear robot programming makes it easier for your maintenance staff to develop an understanding of the  programmes. <\/span><\/li><li><span data-font=\"font-montserrat\">Our programming standard helps you to operate your systems safely and reliably,\nuser-friendly and safe operation. <\/span><\/li><li><span data-font=\"font-montserrat\">We are happy to optimise your robot systems to shorten cycle times <\/span><\/li><li><span data-font=\"font-montserrat\">The ability to prepare programmes offline means that downtimes can be downtimes can be reduced to a minimum.<\/span><\/li><\/ul>\t\t\t\t\t\t\t\t<\/div>\n\t\t\t\t<\/div>\n\t\t\t\t<div class=\"elementor-element elementor-element-880131a elementor-widget elementor-widget-spacer\" data-id=\"880131a\" data-element_type=\"widget\" data-widget_type=\"spacer.default\">\n\t\t\t\t<div class=\"elementor-widget-container\">\n\t\t\t\t\t\t\t<div class=\"elementor-spacer\">\n\t\t\t<div class=\"elementor-spacer-inner\"><\/div>\n\t\t<\/div>\n\t\t\t\t\t\t<\/div>\n\t\t\t\t<\/div>\n\t\t\t\t\t<\/div>\n\t\t<\/div>\n\t\t\t\t\t<\/div>\n\t\t<\/section>\n\t\t\t\t<section class=\"elementor-section elementor-top-section elementor-element elementor-element-a1239fe elementor-section-boxed elementor-section-height-default elementor-section-height-default\" data-id=\"a1239fe\" data-element_type=\"section\" id=\"roboterprogrammierung\" data-settings=\"{&quot;_ha_eqh_enable&quot;:false}\">\n\t\t\t\t\t\t<div class=\"elementor-container elementor-column-gap-default\">\n\t\t\t\t\t<div class=\"elementor-column elementor-col-50 elementor-top-column elementor-element elementor-element-8f34610 hover-scale-block\" data-id=\"8f34610\" data-element_type=\"column\" data-settings=\"{&quot;background_background&quot;:&quot;classic&quot;}\">\n\t\t\t<div class=\"elementor-widget-wrap elementor-element-populated\">\n\t\t\t\t\t\t<div class=\"elementor-element elementor-element-072fac5 ha-has-bg-overlay elementor-widget elementor-widget-text-editor\" data-id=\"072fac5\" data-element_type=\"widget\" data-widget_type=\"text-editor.default\">\n\t\t\t\t<div class=\"elementor-widget-container\">\n\t\t\t\t\t\t\t\t\tRobot programming\t\t\t\t\t\t\t\t<\/div>\n\t\t\t\t<\/div>\n\t\t\t\t<div class=\"elementor-element elementor-element-e49d84d hover-scale-image-block elementor-widget elementor-widget-image\" data-id=\"e49d84d\" data-element_type=\"widget\" data-widget_type=\"image.default\">\n\t\t\t\t<div class=\"elementor-widget-container\">\n\t\t\t\t\t\t\t\t\t\t\t\t\t\t\t<img decoding=\"async\" width=\"1596\" height=\"671\" src=\"https:\/\/word-automation.com\/wp-content\/uploads\/2024\/01\/KUKA-HEADER.png\" class=\"attachment-full size-full wp-image-539\" alt=\"\" srcset=\"https:\/\/word-automation.com\/wp-content\/uploads\/2024\/01\/KUKA-HEADER.png 1596w, https:\/\/word-automation.com\/wp-content\/uploads\/2024\/01\/KUKA-HEADER-300x126.png 300w, https:\/\/word-automation.com\/wp-content\/uploads\/2024\/01\/KUKA-HEADER-1024x431.png 1024w, https:\/\/word-automation.com\/wp-content\/uploads\/2024\/01\/KUKA-HEADER-768x323.png 768w, https:\/\/word-automation.com\/wp-content\/uploads\/2024\/01\/KUKA-HEADER-1536x646.png 1536w\" sizes=\"(max-width: 1596px) 100vw, 1596px\" \/>\t\t\t\t\t\t\t\t\t\t\t\t\t\t\t<\/div>\n\t\t\t\t<\/div>\n\t\t\t\t<div class=\"elementor-element elementor-element-7dd17b3 ha-has-bg-overlay elementor-widget elementor-widget-text-editor\" data-id=\"7dd17b3\" data-element_type=\"widget\" data-widget_type=\"text-editor.default\">\n\t\t\t\t<div class=\"elementor-widget-container\">\n\t\t\t\t\t\t\t\t\t<h4>ROBOT PROGRAMMING KUKA<\/h4><p>KUKA robots are used in many  anufacturing and assembly processes. Our KUKA robot programmers are experts in their field\nfield and implement the processes you require robustly, reliably and safely on your systems, reliably and safely on your systems.<br \/><br \/><br \/><\/p>\t\t\t\t\t\t\t\t<\/div>\n\t\t\t\t<\/div>\n\t\t\t\t\t<\/div>\n\t\t<\/div>\n\t\t\t\t<div class=\"elementor-column elementor-col-50 elementor-top-column elementor-element elementor-element-2459ea1 hover-scale-block\" data-id=\"2459ea1\" data-element_type=\"column\" data-settings=\"{&quot;background_background&quot;:&quot;classic&quot;}\">\n\t\t\t<div class=\"elementor-widget-wrap elementor-element-populated\">\n\t\t\t\t\t\t<div class=\"elementor-element elementor-element-d36e0aa ha-has-bg-overlay elementor-widget elementor-widget-text-editor\" data-id=\"d36e0aa\" data-element_type=\"widget\" data-widget_type=\"text-editor.default\">\n\t\t\t\t<div class=\"elementor-widget-container\">\n\t\t\t\t\t\t\t\t\tRobot programming\t\t\t\t\t\t\t\t<\/div>\n\t\t\t\t<\/div>\n\t\t\t\t<div class=\"elementor-element elementor-element-2b2babb hover-scale-image-block elementor-widget elementor-widget-image\" data-id=\"2b2babb\" data-element_type=\"widget\" data-widget_type=\"image.default\">\n\t\t\t\t<div class=\"elementor-widget-container\">\n\t\t\t\t\t\t\t\t\t\t\t\t\t\t\t<img loading=\"lazy\" decoding=\"async\" width=\"1250\" height=\"499\" src=\"https:\/\/word-automation.com\/wp-content\/uploads\/2024\/01\/ABB-header.png\" class=\"attachment-full size-full wp-image-537\" alt=\"\" srcset=\"https:\/\/word-automation.com\/wp-content\/uploads\/2024\/01\/ABB-header.png 1250w, https:\/\/word-automation.com\/wp-content\/uploads\/2024\/01\/ABB-header-300x120.png 300w, https:\/\/word-automation.com\/wp-content\/uploads\/2024\/01\/ABB-header-1024x409.png 1024w, https:\/\/word-automation.com\/wp-content\/uploads\/2024\/01\/ABB-header-768x307.png 768w\" sizes=\"(max-width: 1250px) 100vw, 1250px\" \/>\t\t\t\t\t\t\t\t\t\t\t\t\t\t\t<\/div>\n\t\t\t\t<\/div>\n\t\t\t\t<div class=\"elementor-element elementor-element-fe29b20 ha-has-bg-overlay elementor-widget elementor-widget-text-editor\" data-id=\"fe29b20\" data-element_type=\"widget\" data-widget_type=\"text-editor.default\">\n\t\t\t\t<div class=\"elementor-widget-container\">\n\t\t\t\t\t\t\t\t\t<h4>ROBOT PROGRAMMING ABB<\/h4><p><span data-font=\"font-montserrat\">Our experts for programming ABB robots are proficient in all ABB industrial robots, both older and current models. This applies to both online and offline<\/span><em data-font=\"font-montserrat\">\u202f<\/em><span data-font=\"font-montserrat\">robot programming. Our ABB robot programmers use ABB RobotStudio as well as other state-of-the-art simulation simulation tools.\u00a0<br \/><br \/><\/span><\/p>\t\t\t\t\t\t\t\t<\/div>\n\t\t\t\t<\/div>\n\t\t\t\t\t<\/div>\n\t\t<\/div>\n\t\t\t\t\t<\/div>\n\t\t<\/section>\n\t\t\t\t<section class=\"elementor-section elementor-top-section elementor-element elementor-element-3725a54 elementor-section-boxed elementor-section-height-default elementor-section-height-default elementor-invisible\" data-id=\"3725a54\" data-element_type=\"section\" data-settings=\"{&quot;background_background&quot;:&quot;classic&quot;,&quot;animation&quot;:&quot;fadeIn&quot;,&quot;_ha_eqh_enable&quot;:false}\">\n\t\t\t\t\t\t\t<div class=\"elementor-background-overlay\"><\/div>\n\t\t\t\t\t\t\t<div class=\"elementor-container elementor-column-gap-default\">\n\t\t\t\t\t<div class=\"elementor-column elementor-col-100 elementor-top-column elementor-element elementor-element-3654688\" data-id=\"3654688\" data-element_type=\"column\">\n\t\t\t<div class=\"elementor-widget-wrap elementor-element-populated\">\n\t\t\t\t\t\t<div class=\"elementor-element elementor-element-f09413e elementor-widget elementor-widget-spacer\" data-id=\"f09413e\" data-element_type=\"widget\" data-widget_type=\"spacer.default\">\n\t\t\t\t<div class=\"elementor-widget-container\">\n\t\t\t\t\t\t\t<div class=\"elementor-spacer\">\n\t\t\t<div class=\"elementor-spacer-inner\"><\/div>\n\t\t<\/div>\n\t\t\t\t\t\t<\/div>\n\t\t\t\t<\/div>\n\t\t\t\t<div class=\"elementor-element elementor-element-9a64e1e elementor-widget elementor-widget-text-editor\" data-id=\"9a64e1e\" data-element_type=\"widget\" data-widget_type=\"text-editor.default\">\n\t\t\t\t<div class=\"elementor-widget-container\">\n\t\t\t\t\t\t\t\t\t<p>Do you need experts for one or more robot cells? Are you building a new system or want to optimise an existing one? You have cycle time problems and your robots do not harmonise with the installed  equipment as you had planned? Product quality is not at the required level? Contact us and we will convince you of our performance.<\/p>\t\t\t\t\t\t\t\t<\/div>\n\t\t\t\t<\/div>\n\t\t\t\t<div class=\"elementor-element elementor-element-42b8180 elementor-align-left elementor-widget__width-initial elementor-widget elementor-widget-button\" data-id=\"42b8180\" data-element_type=\"widget\" data-widget_type=\"button.default\">\n\t\t\t\t<div class=\"elementor-widget-container\">\n\t\t\t\t\t\t\t\t\t<div class=\"elementor-button-wrapper\">\n\t\t\t\t\t<a class=\"elementor-button elementor-button-link elementor-size-md elementor-animation-grow\" href=\"#\">\n\t\t\t\t\t\t<span class=\"elementor-button-content-wrapper\">\n\t\t\t\t\t\t\t\t\t<span class=\"elementor-button-text\">CONTACT US<\/span>\n\t\t\t\t\t<\/span>\n\t\t\t\t\t<\/a>\n\t\t\t\t<\/div>\n\t\t\t\t\t\t\t\t<\/div>\n\t\t\t\t<\/div>\n\t\t\t\t<div class=\"elementor-element elementor-element-373ba85 elementor-widget elementor-widget-spacer\" data-id=\"373ba85\" data-element_type=\"widget\" data-widget_type=\"spacer.default\">\n\t\t\t\t<div class=\"elementor-widget-container\">\n\t\t\t\t\t\t\t<div class=\"elementor-spacer\">\n\t\t\t<div class=\"elementor-spacer-inner\"><\/div>\n\t\t<\/div>\n\t\t\t\t\t\t<\/div>\n\t\t\t\t<\/div>\n\t\t\t\t\t<\/div>\n\t\t<\/div>\n\t\t\t\t\t<\/div>\n\t\t<\/section>\n\t\t\t\t<\/div>","protected":false},"excerpt":{"rendered":"<p>Roboter programmierung \u201eWir als Team unterst\u00fctzt Sie mit breiter Applikationserfahrung und tiefem Roboterwissen\u201c\u00a0 Online und Offline Roboter-Programmierung Effiziente\u202fRoboter-Programmierung\u202fist eine Kernkompetenz unseres Unternehmens. Wir stellen Ihnen erfahrene und hochqualifizierte Roboterprogrammierer zur Verf\u00fcgung, welche die komplexen Anforderungen Ihres Projektes verl\u00e4sslich umsetzen. Hierbei stehen wir f\u00fcr h\u00f6chste Termintreue und Qualit\u00e4t. Dazu arbeiten wir mit den Marktf\u00fchrern der Branche [&hellip;]<\/p>","protected":false},"author":1,"featured_media":0,"parent":0,"menu_order":0,"comment_status":"closed","ping_status":"closed","template":"elementor_header_footer","meta":{"footnotes":""},"class_list":["post-534","page","type-page","status-publish","hentry"],"_links":{"self":[{"href":"https:\/\/word-automation.com\/en\/wp-json\/wp\/v2\/pages\/534","targetHints":{"allow":["GET"]}}],"collection":[{"href":"https:\/\/word-automation.com\/en\/wp-json\/wp\/v2\/pages"}],"about":[{"href":"https:\/\/word-automation.com\/en\/wp-json\/wp\/v2\/types\/page"}],"author":[{"embeddable":true,"href":"https:\/\/word-automation.com\/en\/wp-json\/wp\/v2\/users\/1"}],"replies":[{"embeddable":true,"href":"https:\/\/word-automation.com\/en\/wp-json\/wp\/v2\/comments?post=534"}],"version-history":[{"count":88,"href":"https:\/\/word-automation.com\/en\/wp-json\/wp\/v2\/pages\/534\/revisions"}],"predecessor-version":[{"id":2214,"href":"https:\/\/word-automation.com\/en\/wp-json\/wp\/v2\/pages\/534\/revisions\/2214"}],"wp:attachment":[{"href":"https:\/\/word-automation.com\/en\/wp-json\/wp\/v2\/media?parent=534"}],"curies":[{"name":"wp","href":"https:\/\/api.w.org\/{rel}","templated":true}]}}